{"id":1048,"date":"2019-12-24T14:02:57","date_gmt":"2019-12-24T14:02:57","guid":{"rendered":"https:\/\/machdirkeinesorgen.at\/?page_id=1048"},"modified":"2021-10-11T18:17:47","modified_gmt":"2021-10-11T18:17:47","slug":"bcs-brain-climing-and-solution","status":"publish","type":"page","link":"https:\/\/machdirkeinesorgen.at\/?page_id=1048","title":{"rendered":"BCS &#8211; Brain calm solution"},"content":{"rendered":"\n<p>Die ganzheitliche Methode zur Klientenbetreuung. Unser K\u00f6rper bildet als H\u00fclle unseres Geistes und unserer Seele die &#8222;Hardware&#8220; des Systems Mensch. Diese H\u00fclle sowie die Seele und der Geist werden t\u00e4glich von unserer Umwelt beeinflusst. Dies geschieht entweder positiv und oftmals auch negativ. Durch diesen Eingriff in das System Mensch, ver\u00e4ndern sich die Parameter t\u00e4glich, st\u00fcndlich, min\u00fctlich, sek\u00fcndlich sogar in Bruchteilen von Sekunden. H\u00e4lt sich die Spannung und Entspannung die Waage, wird das System Mensch funktionieren. Einmal etwas besser und das andere Mal etwas schlechter. Sobald jedoch die negativen Einfl\u00fcsse zu gro\u00df werden, wird das System Mensch gesch\u00e4digt. Auf welcher Ebene das passiert finden wir mit unserer Arbeit heraus. Durch den Einsatz von verschiedenen Methoden bearbeiten wir die einzelnen Bereiche und suchen die Ausl\u00f6ser sowohl der positiven als auch der negativen Auswirkungen im System. Da in unserem Team die unterschiedlichsten Trainer und Therapeuten mit besten Qualifikationen und Erfahrungen mitarbeiten, sind wir in der Lage ein breites Spektrum an L\u00f6sungen anbieten zu k\u00f6nnen.<\/p>\n\n\n\n<p>Die ganzheitliche Betreuung unserer Klienten wirkt in jedem Bereich des Systems und ist dadurch aufl\u00f6send und nachhaltig. Die Schritte zum Erfolg werden \u00fcber ein  Vorgespr\u00e4ch definiert und situationsspezifisch, Sitzung f\u00fcr Sitzung angepasst bis sich der gew\u00fcnschte Erfolg einstellt.  <\/p>\n\n\n\n<div class=\"wp-block-image\"><figure class=\"aligncenter size-large is-resized\"><img loading=\"lazy\" decoding=\"async\" src=\"https:\/\/machdirkeinesorgen.at\/wp-content\/uploads\/2020\/04\/image.png\" alt=\"\" class=\"wp-image-1079\" width=\"177\" height=\"177\" srcset=\"https:\/\/machdirkeinesorgen.at\/wp-content\/uploads\/2020\/04\/image.png 150w, https:\/\/machdirkeinesorgen.at\/wp-content\/uploads\/2020\/04\/image-100x100.png 100w\" sizes=\"auto, (max-width: 177px) 100vw, 177px\" \/><\/figure><\/div>\n\n\n\n<p>Die Psyche ist \u00fcber den Geist mittels unserer Sprache zug\u00e4nglich, d. h. ansprechbar und ausdrucksf\u00e4hig. So verstehen sich die Heilungsversuche der Psychotherapie. Im Verst\u00e4ndnis der eigenen Seele, dem Zugang zu ihr und in der Aufl\u00f6sung von Diskrepanzen zwischen den Bed\u00fcrfnissen der Seele und denen des&nbsp;Ego, das ein Konstrukt des menschlichen Geistes ist, liegt jedoch der Schl\u00fcssel f\u00fcr das Wohlbefinden &#8211; im Gegensatz zum &#8222;sich schlecht f\u00fchlen&#8220; &#8211; des Menschen. Mit Hilfe der Trance werden hier hervorragende Ergebnisse in der l\u00f6sungsfokussierenden und systemischen Arbeit erzielt.<\/p>\n\n\n\n<p>Der K\u00f6rper, zu dem auch das&nbsp;Gehirn&nbsp;geh\u00f6rt, ist noch am besten erforscht. Die Medizin und die&nbsp;Hirnforschung&nbsp;geben ihr Bestes, haben aber auch noch nicht alles erkl\u00e4ren k\u00f6nnen. Medizinisches Wissen ist weit verbreitet und gut zug\u00e4nglich. Hier ist ebenfalls zwischen mechanischen, heisst festen Stoffen und dem psychischen oder dem sinnlichen Dasein des Menschen zu unterscheiden. Ein kleiner &#8222;mechanischer&#8220; Schaden in diesem System hat oft sehr gro\u00dfe Auswirkungen auf den ganzen Menschen sowohl motorisch als auch geistig (psychisch).<\/p>\n\n\n\n<p>Darum ist der Geist sowohl Gegenstand der Philosophie, als auch zum Teil der Medizin. Hier geht es bunt durcheinander. Ist der Geist ein immaterieller Teil des K\u00f6rpers oder der Seele oder von beidem? Ist der Geist die Lebenskraft oder der Verstand, die Vernunft oder das \u201eWollen\u201c (der Geist ist willig) eines Menschen? Man kann alle diese Auffassungen und noch mehr finden. Wir verweisen hier auf &#8211; Wikipedia:&nbsp;<a rel=\"noreferrer noopener\" target=\"_blank\" href=\"http:\/\/de.wikipedia.org\/wiki\/Geist%20\">http:\/\/de.wikipedia.org\/wiki\/Geist<\/a>  <\/p>\n\n\n\n<p>Das Wort (Schrift und Sprache) und das Bild (Fl\u00e4che und Form) sind jedenfalls Medien, mit denen sich der menschliche Geist mitteilt und ausdr\u00fcckt. Er kommuniziert mit sich selbst durch Gedanken.Durch seine kreativen Werke &#8211; B\u00fccher, Kunst, Bauwerke, G\u00e4rten etc. &#8211; &#8222;lebt&#8220; der Geist eines Menschen weiter, auch \u00fcber seinen Tod hinaus. Bibliotheken und Museen sind voll von Werken vergangener Epochen. Man erinnert sich an ihre Erschaffer. Dennoch sind sie verg\u00e4nglich, denn schon viele Kultursch\u00e4tze gingen in der Zeit unwiederbringlich verloren.<\/p>\n\n\n\n<p>Die Seele ist der am schwierigsten zu ergr\u00fcndende Aspekt des &#8222;Mensch Seins&#8220;, obwohl es die Seele ist, die das S\u00e4ugetier Mensch zu dem macht, was es ist. Sie ist das verbindende Element \u00fcber Zeit und Raum. Als traditioneller &#8222;Gegenstand&#8220; sowohl der Theologie als auch der Philosophie hat sie schon immer die Menschen besch\u00e4ftigt und man hat versucht, sich eine Vorstellung von ihr zu machen. Was die Seele f\u00fcr mich ist, kann ich nicht definieren. Diese ist sowohl in Zeit, Art, Erscheinung, Menschen, Tieren, Dingen kurz gesagt \u00fcberall und immer da. Ich gehe in meiner Arbeit davon aus, dass die Seele jener Teil von uns ist, welche in der Lage ist die Kommunikation auf allen Ebenen zu gew\u00e4hrleisten. Das miteinander Schwingen, sich zueinander hingezogen f\u00fchlen, Liebe, Gef\u00fchle, Emotionen u.v.m. wird mittels dieses Begriffes beschrieben.  Alle Seelen stehen &#8211; als Teil des Ganzen &#8211; miteinander in Verbindung. <\/p>\n\n\n\n<p>W\u00e4hrend einer Inkarnation unterliegt das &#8222;Wissen&#8220; darum einer Art Amnesie. Die Seele empfindet sich als getrennt vom Ganzen, strebt aber unbewusst danach, sich wieder mit dem Ganzen zu verbinden. Der Weg ist das Ziel. Die Seele wird oft der Psyche gleichgesetzt. Es besch\u00e4ftigen sich auch die Psychologie und die Psychotherapie mit der Seele\/Psyche. Man spricht ja auch beim Psychiater vom \u201eSeelendoktor. Das weist darauf hin, dass die Seele\/Psyche erkranken, was auch Folgen im Sinne von Symptomen f\u00fcr den K\u00f6rper haben kann; psychosomatische Leiden (Psyche = Seele, Soma = Leib) haben k\u00f6rperliche Symptome und psychische Ursachen. Die Psyche ist aber aus meiner Sicht klar von der Seele zu trennen. Sie ist der Schl\u00fcssel zum Verst\u00e4ndnis der Seele und ihrer Zusammenarbeit mit K\u00f6rper und Geist. Sie ist eine Art \u201enicht-physisches Verdauungsorgan\u201c, das die Seele nur im K\u00f6rper zur Verf\u00fcgung hat. Sie ist ein Bindeglied zwischen K\u00f6rper, Geist und Seele und bedient sich dabei der k\u00f6rperlichen Funktionen wie z. B. Funktionen des Gehirns, des Stoffwechsels, des Tonus und der Energiezentren (Chakras) eines K\u00f6rpers. <\/p>\n\n\n\n<p>Sie \u201everdaut\u201c &#8211; wie es vergleichsweise der Gastrointestinal Trakt mit der Nahrung macht \u2013 alle individuellen, emotionalen Eindr\u00fccke (Freuden, \u00c4ngste, Schmerzen, Lust, etc.), die auf die im K\u00f6rper inkarnierte Seele einwirken.Sie hat ein eigenes Ged\u00e4chtnis, in dem sie ihre Verarbeitungsergebnisse (Erfahrungen) kontinuierlich updatet und speichert. Die Psyche (besser die psychische Verfassung) ver\u00e4ndert sich entsprechend. Will man seine psychische Verfassung verbessern, helfen also neue positive Eindr\u00fccke und Erlebnisse und nicht jammern und wehklagen.<\/p>\n\n\n\n<p><\/p>\n\n\n\n<p><\/p>\n","protected":false},"excerpt":{"rendered":"<p>Die ganzheitliche Methode zur Klientenbetreuung. Unser K\u00f6rper bildet als H\u00fclle unseres Geistes und unserer Seele die &#8222;Hardware&#8220; des Systems Mensch. Diese H\u00fclle sowie die Seele und der Geist werden t\u00e4glich von unserer Umwelt beeinflusst. Dies geschieht entweder positiv und oftmals auch negativ. Durch diesen Eingriff in das System Mensch, ver\u00e4ndern sich die Parameter t\u00e4glich, st\u00fcndlich, &hellip; <\/p>\n<p class=\"link-more\"><a href=\"https:\/\/machdirkeinesorgen.at\/?page_id=1048\" class=\"more-link\"><span class=\"screen-reader-text\">\u201eBCS &#8211; Brain calm solution\u201c <\/span>weiterlesen<\/a><\/p>\n","protected":false},"author":1,"featured_media":1247,"parent":0,"menu_order":0,"comment_status":"closed","ping_status":"closed","template":"","meta":{"footnotes":""},"class_list":["post-1048","page","type-page","status-publish","has-post-thumbnail","hentry"],"_links":{"self":[{"href":"https:\/\/machdirkeinesorgen.at\/index.php?rest_route=\/wp\/v2\/pages\/1048","targetHints":{"allow":["GET"]}}],"collection":[{"href":"https:\/\/machdirkeinesorgen.at\/index.php?rest_route=\/wp\/v2\/pages"}],"about":[{"href":"https:\/\/machdirkeinesorgen.at\/index.php?rest_route=\/wp\/v2\/types\/page"}],"author":[{"embeddable":true,"href":"https:\/\/machdirkeinesorgen.at\/index.php?rest_route=\/wp\/v2\/users\/1"}],"replies":[{"embeddable":true,"href":"https:\/\/machdirkeinesorgen.at\/index.php?rest_route=%2Fwp%2Fv2%2Fcomments&post=1048"}],"version-history":[{"count":13,"href":"https:\/\/machdirkeinesorgen.at\/index.php?rest_route=\/wp\/v2\/pages\/1048\/revisions"}],"predecessor-version":[{"id":1105,"href":"https:\/\/machdirkeinesorgen.at\/index.php?rest_route=\/wp\/v2\/pages\/1048\/revisions\/1105"}],"wp:featuredmedia":[{"embeddable":true,"href":"https:\/\/machdirkeinesorgen.at\/index.php?rest_route=\/wp\/v2\/media\/1247"}],"wp:attachment":[{"href":"https:\/\/machdirkeinesorgen.at\/index.php?rest_route=%2Fwp%2Fv2%2Fmedia&parent=1048"}],"curies":[{"name":"wp","href":"https:\/\/api.w.org\/{rel}","templated":true}]}}