{"id":13,"date":"2017-09-18T22:17:26","date_gmt":"2017-09-18T22:17:26","guid":{"rendered":"http:\/\/machdirkeinesorgen.at\/?page_id=13"},"modified":"2024-04-01T08:42:53","modified_gmt":"2024-04-01T08:42:53","slug":"home","status":"publish","type":"page","link":"https:\/\/machdirkeinesorgen.at\/","title":{"rendered":"Home"},"content":{"rendered":"<h1 style=\"text-align: center;\"><img loading=\"lazy\" decoding=\"async\" class=\" wp-image-1176 aligncenter\" src=\"https:\/\/machdirkeinesorgen.at\/wp-content\/uploads\/2020\/09\/systemcert-logo_hipg-e1600364464186-1024x154.jpg\" alt=\"\" width=\"274\" height=\"41\" srcset=\"https:\/\/machdirkeinesorgen.at\/wp-content\/uploads\/2020\/09\/systemcert-logo_hipg-e1600364464186-1024x154.jpg 1024w, https:\/\/machdirkeinesorgen.at\/wp-content\/uploads\/2020\/09\/systemcert-logo_hipg-e1600364464186-300x45.jpg 300w, https:\/\/machdirkeinesorgen.at\/wp-content\/uploads\/2020\/09\/systemcert-logo_hipg-e1600364464186-768x115.jpg 768w, https:\/\/machdirkeinesorgen.at\/wp-content\/uploads\/2020\/09\/systemcert-logo_hipg-e1600364464186-1536x230.jpg 1536w, https:\/\/machdirkeinesorgen.at\/wp-content\/uploads\/2020\/09\/systemcert-logo_hipg-e1600364464186-2048x307.jpg 2048w, https:\/\/machdirkeinesorgen.at\/wp-content\/uploads\/2020\/09\/systemcert-logo_hipg-e1600364464186-2000x310.jpg 2000w\" sizes=\"auto, (max-width: 274px) 100vw, 274px\" \/>NR:11.1838.796.19<\/h1>\n<h1 style=\"text-align: center;\"><strong><span style=\"color: #ff0000;\"><a href=\"https:\/\/machdirkeinesorgen.at\/?page_id=51\">Ausbildung zur\/zum \u00a0diplomierten Trainer\/in der Erwachsenenbildung und Lehrbeauftragter\/en<\/a><\/span><\/strong><\/h1>\n<h1 style=\"text-align: center;\"><a href=\"mailto:machdirkeinesorgen@gmx.at\">Workshop f\u00fcr Suchende !<\/a><\/h1>\n<hr \/>\n<h1 style=\"text-align: center;\"><span style=\"color: #ff0000;\"><em><strong>Bei uns werden alle Menschen ausgebildet, egal welchen Status Du hast, wir behandeln alle gleich!<\/strong><\/em><\/span><\/h1>\n<h1 style=\"text-align: center;\"><strong>B<\/strong>rain <strong>c<\/strong>alm <strong>s<\/strong>olution &#8211;<\/h1>\n<p style=\"text-align: center;\">Das neu entwickelte Arbeitsprogramm <strong>BCS<\/strong> eignet sich hervorragend f\u00fcr L\u00f6sung spezifischer systemischer St\u00f6rungen und hilft den Klienten schnell und sicher zu Ergebnissen zu kommen.<br \/>Durch eine ganzheitliche Betrachtung von St\u00f6rungen gelingt es mit dieser Methode effizient und nachhaltig positive Ergebnisse zu erzielen und K\u00f6rper und Geist und Seele wieder in Einklang zu bringen.<\/p>\n<p style=\"text-align: center;\"><strong>Unsere Philosophie: \u00a0<\/strong>Das einzig Best\u00e4ndige ist der Wandel. Ganz nach diesem Leitsatz bieten wir eine st\u00e4ndig anpassende Klienten Betreuung. Oberste Priorit\u00e4t in unserem Handeln hat das Wohl und die \u201eGesundheit\u201c \u00a0unserer Klienten in einem sich laufend \u00e4ndernden pers\u00f6nlichen und gesch\u00e4ftlichen Umfeld.<\/p>\n<p style=\"text-align: center;\">Wir arbeiten nach dem Leitsatz von Mahatma Gandhi<\/p>\n<h2 style=\"text-align: center;\"><strong>Lebe, als ob Du morgen sterben m\u00fcsstest &#8211; Lerne, als ob Du ewig leben m\u00fcsstest.<\/strong><\/h2>\n<p style=\"text-align: center;\">Du m\u00f6chtest mehr \u00fcber BCS erfahren &#8211; <a href=\"https:\/\/machdirkeinesorgen.at\/?page_id=1048\">klick hier !<\/a><\/p>\n<h1 style=\"text-align: center;\">Und es geht weiter ! Wir k\u00f6nnen Euch ein super <strong>Ang<\/strong><strong>ebot f\u00fcr 2024\/25<\/strong>\u00a0machen. Mentales Schmerzmanagement -Aktivierung unserer Selbstheilungskr\u00e4fte!<\/h1>\n<h1 style=\"text-align: center;\"><em><strong>Mein Umgang mit dem Schmerz &#8211; mit dem Schmerz leben lernen !\u00a0<\/strong><\/em><\/h1>\n<p style=\"text-align: center;\">Unser n\u00e4chster Workshop befasst sich mit Schmerz. Es wird ein umfassender Einblick in die Methode des BCS gegeben und unter Anleitung und mittels \u00dcbungen werdet Ihr 2 Tage intensive Arbeiten an Euch und mit Euren Kollegen durchf\u00fchren. \u00dcber den Einstieg in eine leichte Trance bis hin zur intensiven Arbeit mit Achtsamkeit und Gelassenheit erfahrt Ihr in diesem Workshop wie Ihr tickt, wie andere ticken und wie man sich vor BurnOut sch\u00fctzen kann oder aus einem Burnout herauskommen kann. Dies alles ohne jede Medikation nur mit der Hilfe Eurer inneren Kraft Eurer Gedanken und konsequenter Arbeit an der Methode.<\/p>\n<p style=\"text-align: center;\">Anmeldungen unter : <a href=\"mailto:machdirkeinesorgen@gmx.at\">machdirkeinesorgen@gmx.at<\/a><\/p>\n<p><strong><img loading=\"lazy\" decoding=\"async\" class=\"alignleft  wp-image-214\" src=\"https:\/\/machdirkeinesorgen.at\/wp-content\/uploads\/2017\/11\/IMG_5837-e1634403512825-1024x844.jpg\" alt=\"\" width=\"216\" height=\"178\" srcset=\"https:\/\/machdirkeinesorgen.at\/wp-content\/uploads\/2017\/11\/IMG_5837-e1634403512825-1024x844.jpg 1024w, https:\/\/machdirkeinesorgen.at\/wp-content\/uploads\/2017\/11\/IMG_5837-e1634403512825-300x247.jpg 300w, https:\/\/machdirkeinesorgen.at\/wp-content\/uploads\/2017\/11\/IMG_5837-e1634403512825-768x633.jpg 768w, https:\/\/machdirkeinesorgen.at\/wp-content\/uploads\/2017\/11\/IMG_5837-e1634403512825-1536x1266.jpg 1536w, https:\/\/machdirkeinesorgen.at\/wp-content\/uploads\/2017\/11\/IMG_5837-e1634403512825-2048x1688.jpg 2048w\" sizes=\"auto, (max-width: 216px) 100vw, 216px\" \/>Veranstaltungsort:<\/strong> Alle Veranstaltungen finden im Hotel Gratkorn, Bruckerstra\u00dfe 2 -4, 8101 Gratkorn statt. Reservierungen etwaiger \u00dcbernachtungen bitte direkt beim Hotel buchen: <a href=\"https:\/\/www.hotel-gratkorn.at\/\">h<em>ttps:\/\/www.hotel-gratkorn.a<\/em>t\/<\/a> .<\/p>\n<p>Sollte aus Platzgr\u00fcnden f\u00fcr die Veranstaltungen ein Ortswechsel n\u00f6tig sein, werden wir rechtzeitig dr\u00fcber informieren.<\/p>\n<h3 style=\"text-align: center;\"><em><strong>Du m\u00f6chtest Dir was g\u00f6nnen ?<\/strong><\/em><\/h3>\n<h2 style=\"text-align: center;\"><strong>Wellness f\u00fcr K\u00f6rper, Geist und Seele !\u00a0<\/strong><\/h2>\n<p style=\"text-align: center;\">Ob Entscheidungsfindung, Zielerreichung oder auch nur zur Entspannung, wir arbeiten mit Dir vertrauensvoll an der Umsetzung. Erkenne was in Dir steckt!<\/p>\n<h3>Wir unterst\u00fctzen Dich dabei mit all unserem Wissen und dem besten Trainern aus Wien und Graz &#8211; unsere Kooperationspartner seht Ihr unten !<\/h3>\n<p>Unser Team bietet Dir\u00a0neben der rechtlichen und wirtschaftlichen Begleitung\u00a0 eine ganzheitliche Betreuung an.\u00a0Das Team besteht aus bestens geschulten Trainern, welche durch ihre langj\u00e4hrige Praxis reich an Erfahrungen sind, und Dir diese Erfahrungen, auf vielen Gebieten anbieten k\u00f6nnen. Wir unterst\u00fctzen Dich in den Bereichen der Probleml\u00f6sung durch Coaching, Mentaltraining\u00a0und Beratung, im Bereich der pers\u00f6nlichen Arbeit durch das L\u00f6sen von Blockaden durch Tiefenentspannung und Hypnose. Im Bereich der pers\u00f6nlichen\u00a0Weiterentwicklung, &#8222;Soft Skills&#8220;, hast Du bei uns die M\u00f6glichkeit\u00a0die Ausbildungen zum systemischen Coach oder zum Trainer der Erwachsenenbildung und Lehrbeauftragten oder zum Diplom Hypnose- und Entspannungstrainer\u00a0zu absolvieren. Diese Ausbildungen zielen im wesentlichen auf diese Bereiche ab und erg\u00e4nzen Deine fachlichen Kompetenzen durch\u00a0die soziale Kompetenz, kommunikative Kompetenz und methodische Kompetenz. Hinzu kommen Aspekte wie interkulturelle Kompetenz, emotionale Kompetenz oder personalen Kompetenz. Diese Kompetenzfelder sind nur unscharf voneinander zu trennen; die einzelnen Kompetenzen haben gro\u00dfe Schnittmengen und viele Abh\u00e4ngigkeiten. Soft Skills beziehen sich vor allen auf <strong>F\u00e4higkeiten und Fertigkeiten<\/strong> im Bereich der <strong>Kommunikation<\/strong>, <strong>Ausstrahlung<\/strong> und <strong>Arbeitstechniken<\/strong>. S\u00e4mtliche dieser Ausbildungen sind zertifiziert und national sowie international anerkannt.\u00a0Erlaube Dir den Luxus, Dich uns zu leisten, um Deinen Erfolg nachhaltig umsetzen zu k\u00f6nnen. Wir stehen Dir f\u00fcr s\u00e4mtliche Bereiche Deines beruflichen und privaten Umfeldes zur Verf\u00fcgung. Wir unterst\u00fctzen Dich bei der Erarbeitung Deines pers\u00f6nlichen Erfolges sowohl beruflich als auch pers\u00f6nlich. Scheue Dich nicht uns f\u00fcr ein kostenloses Gespr\u00e4ch anzufordern, wir w\u00fcrden uns sehr freuen Dich als unseren Partner\/in begr\u00fc\u00dfen zu d\u00fcrfen. Wir haben f\u00fcr Dich einzigartige <a href=\"https:\/\/machdirkeinesorgen.at\/?page_id=17\">Angebote<\/a> welche Dir helfen, schnell und auch leistbar, zum Erfolg zu kommen.<\/p>\n<h1 style=\"text-align: center;\"><span style=\"color: #ff0000;\"><strong>Du bist der Mittelpunkt unserer Arbeit!<\/strong><\/span><\/h1>\n<h1 style=\"text-align: center;\">Dein\u00a0<strong>M<\/strong>ach<strong>D<\/strong>ir<b>K<\/b>eine<strong>S<\/strong>orgen <strong>T<\/strong>eam w\u00fcnscht Dir viel Erfolg !<\/h1>\n<h1 style=\"text-align: center;\">Don\u00b4t worry , be happy !<\/h1>\n<p style=\"text-align: left;\"><a href=\"https:\/\/www.facebook.com\/search\/top\/?q=machdirkeinesorgen.at\"><br \/><img loading=\"lazy\" decoding=\"async\" class=\"size-full wp-image-255 aligncenter\" src=\"https:\/\/machdirkeinesorgen.at\/wp-content\/uploads\/2017\/12\/cropped-1200px-F_icon_svg-e1512148011650.png\" alt=\"\" width=\"250\" height=\"250\" srcset=\"https:\/\/machdirkeinesorgen.at\/wp-content\/uploads\/2017\/12\/cropped-1200px-F_icon_svg-e1512148011650.png 250w, https:\/\/machdirkeinesorgen.at\/wp-content\/uploads\/2017\/12\/cropped-1200px-F_icon_svg-e1512148011650-150x150.png 150w, https:\/\/machdirkeinesorgen.at\/wp-content\/uploads\/2017\/12\/cropped-1200px-F_icon_svg-e1512148011650-100x100.png 100w\" sizes=\"auto, (max-width: 250px) 100vw, 250px\" \/><\/a><\/p>\n\n\n<p><\/p>\n\n\n\n<figure class=\"wp-block-gallery has-nested-images columns-1 is-cropped wp-block-gallery-1 is-layout-flex wp-block-gallery-is-layout-flex\">\n<figure class=\"wp-block-image size-large\"><img loading=\"lazy\" decoding=\"async\" width=\"450\" height=\"112\" data-id=\"1247\" src=\"https:\/\/machdirkeinesorgen.at\/wp-content\/uploads\/2021\/10\/Logo-Bildungsanbieter-2.png\" alt=\"\" class=\"wp-image-1247\" srcset=\"https:\/\/machdirkeinesorgen.at\/wp-content\/uploads\/2021\/10\/Logo-Bildungsanbieter-2.png 450w, https:\/\/machdirkeinesorgen.at\/wp-content\/uploads\/2021\/10\/Logo-Bildungsanbieter-2-300x75.png 300w\" sizes=\"auto, (max-width: 450px) 100vw, 450px\" \/><\/figure>\n\n\n\n<figure class=\"wp-block-image size-large\"><img loading=\"lazy\" decoding=\"async\" width=\"294\" height=\"104\" data-id=\"1248\" src=\"https:\/\/machdirkeinesorgen.at\/wp-content\/uploads\/2021\/10\/Unknown.jpg\" alt=\"\" class=\"wp-image-1248\"\/><\/figure>\n<\/figure>\n\n\n\n<p><\/p>\n","protected":false},"excerpt":{"rendered":"<p>NR:11.1838.796.19 Ausbildung zur\/zum \u00a0diplomierten Trainer\/in der Erwachsenenbildung und Lehrbeauftragter\/en Workshop f\u00fcr Suchende ! Bei uns werden alle Menschen ausgebildet, egal welchen Status Du hast, wir behandeln alle gleich! Brain calm solution &#8211; Das neu entwickelte Arbeitsprogramm BCS eignet sich hervorragend f\u00fcr L\u00f6sung spezifischer systemischer St\u00f6rungen und hilft den Klienten schnell und sicher zu Ergebnissen zu &hellip; <\/p>\n<p class=\"link-more\"><a href=\"https:\/\/machdirkeinesorgen.at\/\" class=\"more-link\"><span class=\"screen-reader-text\">\u201eHome\u201c <\/span>weiterlesen<\/a><\/p>\n","protected":false},"author":1,"featured_media":0,"parent":0,"menu_order":0,"comment_status":"closed","ping_status":"closed","template":"","meta":{"footnotes":""},"class_list":["post-13","page","type-page","status-publish","hentry"],"_links":{"self":[{"href":"https:\/\/machdirkeinesorgen.at\/index.php?rest_route=\/wp\/v2\/pages\/13","targetHints":{"allow":["GET"]}}],"collection":[{"href":"https:\/\/machdirkeinesorgen.at\/index.php?rest_route=\/wp\/v2\/pages"}],"about":[{"href":"https:\/\/machdirkeinesorgen.at\/index.php?rest_route=\/wp\/v2\/types\/page"}],"author":[{"embeddable":true,"href":"https:\/\/machdirkeinesorgen.at\/index.php?rest_route=\/wp\/v2\/users\/1"}],"replies":[{"embeddable":true,"href":"https:\/\/machdirkeinesorgen.at\/index.php?rest_route=%2Fwp%2Fv2%2Fcomments&post=13"}],"version-history":[{"count":132,"href":"https:\/\/machdirkeinesorgen.at\/index.php?rest_route=\/wp\/v2\/pages\/13\/revisions"}],"predecessor-version":[{"id":1450,"href":"https:\/\/machdirkeinesorgen.at\/index.php?rest_route=\/wp\/v2\/pages\/13\/revisions\/1450"}],"wp:attachment":[{"href":"https:\/\/machdirkeinesorgen.at\/index.php?rest_route=%2Fwp%2Fv2%2Fmedia&parent=13"}],"curies":[{"name":"wp","href":"https:\/\/api.w.org\/{rel}","templated":true}]}}