{"id":17,"date":"2017-09-18T22:21:30","date_gmt":"2017-09-18T22:21:30","guid":{"rendered":"http:\/\/machdirkeinesorgen.at\/?page_id=17"},"modified":"2024-04-01T08:40:12","modified_gmt":"2024-04-01T08:40:12","slug":"angebot","status":"publish","type":"page","link":"https:\/\/machdirkeinesorgen.at\/?page_id=17","title":{"rendered":"Angebote 2024\/2025"},"content":{"rendered":"\n<p><\/p>\n\n\n<h1><img loading=\"lazy\" decoding=\"async\" class=\"size-medium wp-image-631 aligncenter\" src=\"https:\/\/machdirkeinesorgen.at\/wp-content\/uploads\/2018\/03\/logo-1-neu-2018-300x185.jpg\" alt=\"\" width=\"300\" height=\"185\" srcset=\"https:\/\/machdirkeinesorgen.at\/wp-content\/uploads\/2018\/03\/logo-1-neu-2018-300x185.jpg 300w, https:\/\/machdirkeinesorgen.at\/wp-content\/uploads\/2018\/03\/logo-1-neu-2018.jpg 407w\" sizes=\"auto, (max-width: 300px) 100vw, 300px\" \/><b><\/b><\/h1>\n<h1 style=\"text-align: center;\"><b>Kooperation\u00a0 &#8211; &#8222;Hotel Gratkorn&#8220;<\/b><\/h1>\n<p>Durch die Kooperation der <strong>MDKS &#8211; Akademie<\/strong> und dem Hotel Gratkorn, haben s\u00e4mtliche Kursteilnehmer welche im Hotel-Gratkorn \u00fcbernachten m\u00f6chten,\u00a0die M\u00f6glichkeit\u00a0ein Spezialangebot in Anspruch nehmen zu k\u00f6nnen. Genaue Informationen bitten wir Sie bei der\u00a0jeweiligen Kursbuchung anzufordern. Buchungen unter <a href=\"mailto:office@hotel-gratkorn.at\"><strong>office@hotel-gratkorn.at<\/strong><\/a><\/p>\n<p>Kursbuchungen unter: <a href=\"mailto:machdirkeinesorgen@gmx.at\">machdirkeinesorgen@gmx.at<\/a><\/p>\n<p><strong>Freie Systemische Aufstellung nach Olaf Jacobsen<\/strong><\/p>\n<p><strong>Wann: Termine auf Anfrage<\/strong>, 18:00 &#8211; 21:00 Uhr<\/p>\n<p><strong>Investition<\/strong>: \u20ac 10,- (inkl. 20 % USt.) pro Teilnehmer<\/p>\n<p><strong>Wo<\/strong>: <a href=\"http:\/\/www.hotel-gratkorn.at\">Hotel Gratkorn bei Graz\u00a0<\/a><\/p>\n<p>zus\u00e4tzlich \u20ac10,&#8211;(inkl.20% Ust.) f\u00fcr jene Teilnehmer die ein Thema aufstellen m\u00f6chten\u00a0<br \/>Kaffee und Pausengetr\u00e4nke sind im Preis inkludiert<\/p>\n<h4><strong>Ausbildung zur\/zum Trainer der Erwachsenenbildung &#8211; Sommerlehrgang \u00a0<\/strong><\/h4>\n<div><b>n\u00e4chster Termin \u00a0&#8211; 05.07.2024 bis 28.07.2024 12 Tage, Freitag bis Sonntag 09:00 Uhr bis 17:00 Uhr\u00a0<\/b><\/div>\n<div>\u00a0<\/div>\n<div><strong>Investition pro Wochenende: <\/strong>\u20ac 600,- (inkl. 20 % USt.)<\/div>\n<div>\u00a0<\/div>\n<p>Inhalt:<\/p>\n<p><strong>Der erste Eindruck z\u00e4hlt, der letzte bleibt: Der gelungene Start in dein Training!<\/strong><strong><br \/><\/strong><\/p>\n<ul>\n<li>Du lernst, dich selbst wirkungsvoll zu pr\u00e4sentieren und die Teilnehmenden von Anfang an f\u00fcr dich und dein Thema zu begeistern<\/li>\n<li>Du schaffst eine positive Lernatmosph\u00e4re durch lebendige Methoden zum gegenseitigen Kennenlernen der Teilnehmenden<\/li>\n<\/ul>\n<p><strong style=\"font-size: 1rem;\">Lernen mit Hirn, Herz und Hand: Nutze die Erkenntnisse der Neurodidaktik!<\/strong><\/p>\n<ul>\n<li>Du testest kreative Methoden, die Menschen emotional erreichen und dein Training zu einem unvergesslichen Erlebnis werden lassen<\/li>\n<li>Durch die Erkenntnisse <strong>aus der Neurowissenschaft<\/strong> sorgst du f\u00fcr steile Lernkurven und einen nachhaltigen Lernerfolg deiner Teilnehmenden<\/li>\n<\/ul>\n<p><strong style=\"font-size: 1rem;\">Ein Bild sagt mehr als tausend Worte: Visualisiere einfach und gehirngerecht!<\/strong><\/p>\n<ul>\n<li>Du denkst, du kannst nicht malen? Wir zeigen dir im Kurs das Gegenteil! In einfachen Schritten lernst du Charts und Folien gehirngerecht zu gestalten<\/li>\n<li>Wir zeigen dir <strong>digitale Tools<\/strong> und jede Menge Tricks, die dir dabei helfen, \u00a0einzigartige Slides zu entwickeln mit garantiertem Wow-Effekt<\/li>\n<\/ul>\n<p><strong>\u00a0Der Bauplan: Entwickle im Kurs eine Trainingssequenz<\/strong><\/p>\n<ul>\n<li>Vom Auftrag zum erfolgreichen Training: Du definierst die Lernziele und richtest deine Lehrveranstaltung mit einer <strong>Checkliste<\/strong> daran aus<\/li>\n<li>Du erlebst innovative Methoden, Gruppenarbeiten und Rollenspiele und baust sie direkt in deine Trainings ein, um au\u00dfergew\u00f6hnliche Lernerlebnisse zu schaffen<\/li>\n<\/ul>\n<p><strong>Die besten Rettungsanker: Was dir wirklich hilft bei Gegenwind aus der Gruppe!<\/strong><\/p>\n<ul>\n<li>Du erkennst gruppendynamische Effekte und nutzt sie zielorientiert<\/li>\n<li>Du lernst hilfreiche Strategien und die besten Antworten auf Verbal-Attacken, um dein Standing als TrainerIn zu st\u00e4rken<\/li>\n<\/ul>\n<div>\n<p>In den Kosten sind alle Unterlagen (in Papierform und als PDF), sowie Kaffee und Pausengetr\u00e4nke und kleine Snacks inkludiert.<\/p>\n<h2 style=\"text-align: center;\"><span style=\"color: #ff0000;\"><strong>Wir bilden alle Interessierten aus, f\u00fcr uns ist nur wichtig, dass wir uns alle respektieren und achtsam und tolerant sind.<\/strong><\/span><\/h2>\n<p><img loading=\"lazy\" decoding=\"async\" class=\"wp-image-1406 aligncenter\" src=\"https:\/\/machdirkeinesorgen.at\/wp-content\/uploads\/2021\/11\/239593.141013_vorbild_epg-300x169.jpg\" alt=\"\" width=\"351\" height=\"198\" srcset=\"https:\/\/machdirkeinesorgen.at\/wp-content\/uploads\/2021\/11\/239593.141013_vorbild_epg-300x169.jpg 300w, https:\/\/machdirkeinesorgen.at\/wp-content\/uploads\/2021\/11\/239593.141013_vorbild_epg.jpg 624w\" sizes=\"auto, (max-width: 351px) 100vw, 351px\" \/><\/p>\n<\/div>\n<h3><strong><em>Diplom-Trainer der Erwachsenenbildung und Lehrbeauftragter &#8211; weitere Info<\/em><\/strong><\/h3>\n<p>&#8220; Sei wie Du bist, dann stellt sich der Erfolg von selbst ein! &#8220;\u00a0<span style=\"color: #ff0000;\"><strong>\u00a0\u00a0<\/strong><\/span><\/p>\n<p><strong>Wer\/f\u00fcr Wen:<\/strong> Jede\/r Interessierte die\/der ihr\/sein K\u00f6nnen, ihre\/seine Erfahrungen, ihr\/sein Wissen an andere professionell weitergeben m\u00f6chte, ist herzlich eingeladen an dieser Weiterbildung teilzunehmen.\u00a0 Wir gestalten die Ausbildung f\u00fcr Personen, die sich beruflich neu orientieren m\u00f6chten oder in der Weiterbildungsbranche z.B.: beim BFI, dem WIFI oder anderen Instituten t\u00e4tig werden wollen. Wenn Sie Seminare oder Kurse, als oder bei\u00a0 F\u00fchrungskr\u00e4ften, gestalten oder abhalten m\u00f6chten und Ihre Vortragskompetenz verbessern m\u00f6chten sind Sie ebenso herzlich eingeladen.<\/p>\n<p><strong>Voraussetzung:<\/strong> Wir gestalten unsere Ausbildung offen f\u00fcr all jene die sich weiterbilden m\u00f6chten. F\u00fcr uns sind jene Eigenschaften wichtig, die Sie im Bild 2 sehen k\u00f6nnen. Zus\u00e4tzlich sollten Sie eine gewisse Portion Achtsamkeit mitbringen.<\/p>\n<p><strong>Wann<\/strong>: neue Termine folgen<\/p>\n<p><img loading=\"lazy\" decoding=\"async\" class=\" wp-image-1394 aligncenter\" src=\"https:\/\/machdirkeinesorgen.at\/wp-content\/uploads\/2021\/11\/training-g6c05d6117_1920-300x134.jpg\" alt=\"\" width=\"320\" height=\"143\" srcset=\"https:\/\/machdirkeinesorgen.at\/wp-content\/uploads\/2021\/11\/training-g6c05d6117_1920-300x134.jpg 300w, https:\/\/machdirkeinesorgen.at\/wp-content\/uploads\/2021\/11\/training-g6c05d6117_1920-1024x456.jpg 1024w, https:\/\/machdirkeinesorgen.at\/wp-content\/uploads\/2021\/11\/training-g6c05d6117_1920-768x342.jpg 768w, https:\/\/machdirkeinesorgen.at\/wp-content\/uploads\/2021\/11\/training-g6c05d6117_1920-1536x684.jpg 1536w, https:\/\/machdirkeinesorgen.at\/wp-content\/uploads\/2021\/11\/training-g6c05d6117_1920.jpg 1920w\" sizes=\"auto, (max-width: 320px) 100vw, 320px\" \/><\/p>\n<p><strong>Inhalt:\u00a0<\/strong><\/p>\n<ul>\n<li>professionelle Lehre<\/li>\n<li>Medienanwendung mit neuen und alten Medien<\/li>\n<li>Didaktik und Rhetorik<\/li>\n<li>Achtsamkeit und Toleranz, Konfliktmanagement\u00a0<\/li>\n<li>Pr\u00e4sentation pers\u00f6nlich nach innen und au\u00dfen<\/li>\n<li>Unterrichtsgestaltung und Unterrichtsdesign<\/li>\n<li>\u00dcberwindung m\u00f6glicher \u00c4ngste &#8211; &#8222;die freie Rede&#8220;<\/li>\n<li>Abschluss mit Pr\u00e4sentationen und Abschlussfeier<\/li>\n<\/ul>\n<p><strong>Investition<\/strong>:\u00a0<\/p>\n<p>In den Kosten sind alle Unterlagen (in Papierform und als PDF), sowie Kaffee und Pausengetr\u00e4nke und kleine Snacks inkludiert.<\/p>\n<p><strong>Wo<\/strong>: <a href=\"http:\/\/www.hotel-gratkorn.at\">Hotel Gratkorn bei Graz\u00a0 <\/a><\/p>\n<p>Kurs &#8211; Buchung: <a href=\"mailto:machdirkeinesorgen@gmx.at\">machdirkeinesorgen@gmx.at<\/a><\/p>\n<p>Hotelbuchung: <a href=\"mailto:office@hotel-gratkorn.at\">office@hotel-gratkorn.at<\/a><\/p>","protected":false},"excerpt":{"rendered":"<p>Kooperation\u00a0 &#8211; &#8222;Hotel Gratkorn&#8220; Durch die Kooperation der MDKS &#8211; Akademie und dem Hotel Gratkorn, haben s\u00e4mtliche Kursteilnehmer welche im Hotel-Gratkorn \u00fcbernachten m\u00f6chten,\u00a0die M\u00f6glichkeit\u00a0ein Spezialangebot in Anspruch nehmen zu k\u00f6nnen. Genaue Informationen bitten wir Sie bei der\u00a0jeweiligen Kursbuchung anzufordern. Buchungen unter office@hotel-gratkorn.at Kursbuchungen unter: machdirkeinesorgen@gmx.at Freie Systemische Aufstellung nach Olaf Jacobsen Wann: Termine auf Anfrage, &hellip; <\/p>\n<p class=\"link-more\"><a href=\"https:\/\/machdirkeinesorgen.at\/?page_id=17\" class=\"more-link\"><span class=\"screen-reader-text\">\u201eAngebote 2024\/2025\u201c <\/span>weiterlesen<\/a><\/p>\n","protected":false},"author":1,"featured_media":1247,"parent":0,"menu_order":0,"comment_status":"closed","ping_status":"closed","template":"","meta":{"footnotes":""},"class_list":["post-17","page","type-page","status-publish","has-post-thumbnail","hentry"],"_links":{"self":[{"href":"https:\/\/machdirkeinesorgen.at\/index.php?rest_route=\/wp\/v2\/pages\/17","targetHints":{"allow":["GET"]}}],"collection":[{"href":"https:\/\/machdirkeinesorgen.at\/index.php?rest_route=\/wp\/v2\/pages"}],"about":[{"href":"https:\/\/machdirkeinesorgen.at\/index.php?rest_route=\/wp\/v2\/types\/page"}],"author":[{"embeddable":true,"href":"https:\/\/machdirkeinesorgen.at\/index.php?rest_route=\/wp\/v2\/users\/1"}],"replies":[{"embeddable":true,"href":"https:\/\/machdirkeinesorgen.at\/index.php?rest_route=%2Fwp%2Fv2%2Fcomments&post=17"}],"version-history":[{"count":136,"href":"https:\/\/machdirkeinesorgen.at\/index.php?rest_route=\/wp\/v2\/pages\/17\/revisions"}],"predecessor-version":[{"id":1448,"href":"https:\/\/machdirkeinesorgen.at\/index.php?rest_route=\/wp\/v2\/pages\/17\/revisions\/1448"}],"wp:featuredmedia":[{"embeddable":true,"href":"https:\/\/machdirkeinesorgen.at\/index.php?rest_route=\/wp\/v2\/media\/1247"}],"wp:attachment":[{"href":"https:\/\/machdirkeinesorgen.at\/index.php?rest_route=%2Fwp%2Fv2%2Fmedia&parent=17"}],"curies":[{"name":"wp","href":"https:\/\/api.w.org\/{rel}","templated":true}]}}