{"id":196,"date":"2017-11-24T17:09:51","date_gmt":"2017-11-24T17:09:51","guid":{"rendered":"http:\/\/machdirkeinesorgen.at\/?page_id=196"},"modified":"2021-10-16T16:50:59","modified_gmt":"2021-10-16T16:50:59","slug":"individuelle-betreuung","status":"publish","type":"page","link":"https:\/\/machdirkeinesorgen.at\/?page_id=196","title":{"rendered":"Individuelle Betreuung"},"content":{"rendered":"<h1><b>BCS &#8211; s<\/b><span style=\"font-weight: 600;\">ystemische<\/span><b>\u00a0Betreuung und Unternehmensberatung.\u00a0<\/b><br \/>\n<strong>Hier bieten wir Ihnen in unseren Seminaren und Einzelcoachings folgende Bausteine an\u00a0<\/strong><\/h1>\n<h2><strong>Pe<\/strong><strong>rs\u00f6nliche Betreuung\u00a0<\/strong><\/h2>\n<p>im Einzel Coaching oder in kleinen Gruppen<\/p>\n<p>BCS &#8211; Training, Stress- und Burn Out &#8211; Pr\u00e4vention<br \/>\nHypnose Coaching f\u00fcr Krisensituationen<br \/>\nEntspannungsmethoden und Coaching<br \/>\nKonfliktcoaching\/Konfliktmoderation<br \/>\nBusiness Coaching &#8211; Erfolg ist planbar<\/p>\n<p><img loading=\"lazy\" decoding=\"async\" class=\"alignleft size-medium wp-image-897\" src=\"https:\/\/machdirkeinesorgen.at\/wp-content\/uploads\/2018\/10\/Olaf-1-300x225.jpg\" alt=\"\" width=\"300\" height=\"225\" srcset=\"https:\/\/machdirkeinesorgen.at\/wp-content\/uploads\/2018\/10\/Olaf-1-300x225.jpg 300w, https:\/\/machdirkeinesorgen.at\/wp-content\/uploads\/2018\/10\/Olaf-1-768x576.jpg 768w, https:\/\/machdirkeinesorgen.at\/wp-content\/uploads\/2018\/10\/Olaf-1.jpg 1024w\" sizes=\"auto, (max-width: 300px) 100vw, 300px\" \/><\/p>\n<p>Mittels eingehender Trance, welche im Sport, Business oder bei allt\u00e4glichen Herausforderungen eingesetzt werden kann, gelingt es Ihnen, Ihr Potential zu erweitern und den \u201eGeist\u201c zu beherrschen. Mit den unterschiedlichsten Methoden wie beispielsweise Visualisierungs\u00fcbungen, Suggestionen, Entspannungs\u00fcbungen, \u2026 wird Ihre Leistungsf\u00e4higkeit optimiert, die Selbstsicherheit erh\u00f6ht und die Selbstf\u00fchrungskompetenz verbessert. Durch konsequentes Training kann die \u201eSoftware des Gehirns\u201c umprogrammiert werden und f\u00fchrt somit zu einer h\u00f6heren Leistungsf\u00e4higkeit und Lebensqualit\u00e4t und verbessert das Wohlbefinden. Ob es sich um extrovertierte oder introvertierte Menschen handelt spielt f\u00fcr die Umsetzung von L\u00f6sungen keine Rolle. Unser Zugang zu einem oft nur subjektiven &#8222;Problem&#8220; ist ein komplett anderer als bei anderen herk\u00f6mmlichen Arbeiten. Wir kombinieren nicht nur theoretisches Wissen mit erfahrenen Anwendungen sondern gehen komplett neue Wege sowohl vor, w\u00e4hrend aber vor allem nach unseren Sitzungen. Wir betreuen unsere Klienten nachhaltig und so lange als notwendig bis hin zur selbstst\u00e4ndigen Umsetzung unserer gemeinsamen Arbeit. Unser Zugang ist nicht die lange dauernde gemeinsame Arbeit mit unseren Klienten sondern die Hilfe zur Selbsthilfe. Unsere gemeinsame Arbeit soll eine nachhaltige L\u00f6sung f\u00fcr jede pers\u00f6nliche Krise bieten und ist auch hilfreich f\u00fcr den Umgang mit meinen Mitmenschen. Wir besch\u00e4ftigen uns deshalb mit der Hypnose und der Entspannung ebenso mit der Behandlung von Schmerzen, Magersucht, Anorexie, Bulimie sowie Raucherentw\u00f6hnung und Alkoholentw\u00f6hnung.<\/p>\n<p>Die Sitzungen bei\u00a0uns ersetzen in keiner Weisen den Besuch beim Arzt, Psychiater oder Psychologen. K\u00f6rperliche und psychische Krankheiten sind vor der Sitzung bei\u00a0uns unbedingt von einer entsprechenden Fachperson (Arzt) abkl\u00e4ren zu lassen.\u00a0Wir erstellen keine Diagnosen.<\/p>\n<h2><a href=\"https:\/\/machdirkeinesorgen.at\/?page_id=1048\"><strong>BSC &#8211; systemische Betreuung<\/strong><\/a><\/h2>\n<p><span style=\"color: #ff0000;\"><strong>Vorgespr\u00e4ch :<\/strong>\u00a0<\/span><span style=\"font-size: 1rem;\">\u00a0\u00a0\u00a0\u00a0\u00a0\u00a0\u00a0\u00a0\u00a0\u00a0\u00a0\u00a0\u00a0\u00a0\u00a0\u00a0\u00a0 \u00a0<\/span><span style=\"font-size: 1rem;\">\u20ac 200,&#8211; \u00a0\u00a0<\/span><span style=\"font-size: 1rem;\">(exkl. 20% MwSt.)<\/span><\/p>\n<p><strong style=\"font-size: 1rem;\"><span style=\"color: #ff0000;\">BSC &#8211; Systembetreuung:<\/span><\/strong><span style=\"font-size: 1rem;\">\u00a0 1. Arbeitseinheit ca. 5<\/span><span style=\"font-size: 1rem;\">\u00a0Stunden \u00a0<\/span><span style=\"font-size: 1rem;\">\u20ac 1.500,&#8211;\u00a0<\/span><span style=\"font-size: 1rem;\">(exkl. 20% MwSt.)<\/span><\/p>\n<p><strong style=\"font-size: 1rem;\"><span style=\"color: #ff0000;\">BSC &#8211; Systembetreuung:<\/span><\/strong><span style=\"font-size: 1rem;\">\u00a02. Arbeitseinheit ca. 3 Stunden<\/span><span style=\"font-size: 1rem;\">\u00a0\u00a0<\/span><span style=\"font-size: 1rem;\">\u20ac 1.000,-\u00a0<\/span><span style=\"font-size: 1rem;\">(exkl. 20% MwSt.)<\/span><\/p>\n<p><strong style=\"font-size: 1rem;\"><span style=\"color: #ff0000;\">BSC &#8211; Systembetreuung: <\/span><\/strong><span style=\"font-size: 1rem;\">\u00a0jede weitere Einheit ca. 1 Stunde\u00a0<\/span><span style=\"font-size: 1rem;\">\u00a0\u20ac 300,&#8211;<\/span><span style=\"font-size: 1rem;\">\u00a0<\/span><span style=\"font-size: 1rem;\">(exkl. 20% MwSt.)<\/span><\/p>\n<h2 class=\"slide_toggle\"><strong>Einzeltraining, Teamtraining und Mentaltraining im Business<\/strong><\/h2>\n<p><span style=\"color: #ff0000;\"><strong>Vorgespr\u00e4ch :<\/strong>\u00a0<\/span><span style=\"font-size: 1rem;\">\u00a0\u00a0\u00a0\u00a0\u00a0\u00a0\u00a0\u00a0\u00a0\u00a0\u00a0\u00a0\u00a0\u00a0\u00a0\u00a0\u00a0 \u00a0<\/span><span style=\"font-size: 1rem;\">\u20ac 96,&#8211; \u00a0\u00a0<\/span><span style=\"font-size: 1rem;\">(inkl. 20% MwSt.)<\/span><\/p>\n<p><strong style=\"font-size: 1rem;\"><span style=\"color: #ff0000;\">Beratung \/ Coaching\/Entspannung :<\/span><\/strong><span style=\"font-size: 1rem;\"> \u00a0<\/span><span style=\"font-size: 1rem;\">1 Stunde \u00a0<\/span><span style=\"font-size: 1rem;\">\u20ac 120,&#8211;\u00a0<\/span><span style=\"font-size: 1rem;\">(inkl. 20% MwSt.)<\/span><\/p>\n<p><strong style=\"font-size: 1rem;\"><span style=\"color: #ff0000;\">Beratung \/ Coaching\/Entspannung :<\/span><\/strong><span style=\"font-size: 1rem;\">\u00a0<\/span><span style=\"font-size: 1rem;\">3 Stunden \u00a0<\/span><span style=\"font-size: 1rem;\">\u20ac 350,-\u00a0<\/span><span style=\"font-size: 1rem;\">(inkl. 20% MwSt.)<\/span><\/p>\n<p><strong style=\"font-size: 1rem;\"><span style=\"color: #ff0000;\">Beratung \/ Coaching\/Entspannung :<\/span><\/strong><span style=\"font-size: 1rem;\">\u00a0<\/span><span style=\"font-size: 1rem;\">5 Stunden \u00a0<\/span><span style=\"font-size: 1rem;\">\u20ac 500,-\u00a0<\/span><span style=\"font-size: 1rem;\">(inkl. 20% MwSt.)<\/span><\/p>\n","protected":false},"excerpt":{"rendered":"<p>BCS &#8211; systemische\u00a0Betreuung und Unternehmensberatung.\u00a0 Hier bieten wir Ihnen in unseren Seminaren und Einzelcoachings folgende Bausteine an\u00a0 Pers\u00f6nliche Betreuung\u00a0 im Einzel Coaching oder in kleinen Gruppen BCS &#8211; Training, Stress- und Burn Out &#8211; Pr\u00e4vention Hypnose Coaching f\u00fcr Krisensituationen Entspannungsmethoden und Coaching Konfliktcoaching\/Konfliktmoderation Business Coaching &#8211; Erfolg ist planbar Mittels eingehender Trance, welche im Sport, &hellip; <\/p>\n<p class=\"link-more\"><a href=\"https:\/\/machdirkeinesorgen.at\/?page_id=196\" class=\"more-link\"><span class=\"screen-reader-text\">\u201eIndividuelle Betreuung\u201c <\/span>weiterlesen<\/a><\/p>\n","protected":false},"author":1,"featured_media":0,"parent":0,"menu_order":0,"comment_status":"closed","ping_status":"closed","template":"","meta":{"footnotes":""},"class_list":["post-196","page","type-page","status-publish","hentry"],"_links":{"self":[{"href":"https:\/\/machdirkeinesorgen.at\/index.php?rest_route=\/wp\/v2\/pages\/196","targetHints":{"allow":["GET"]}}],"collection":[{"href":"https:\/\/machdirkeinesorgen.at\/index.php?rest_route=\/wp\/v2\/pages"}],"about":[{"href":"https:\/\/machdirkeinesorgen.at\/index.php?rest_route=\/wp\/v2\/types\/page"}],"author":[{"embeddable":true,"href":"https:\/\/machdirkeinesorgen.at\/index.php?rest_route=\/wp\/v2\/users\/1"}],"replies":[{"embeddable":true,"href":"https:\/\/machdirkeinesorgen.at\/index.php?rest_route=%2Fwp%2Fv2%2Fcomments&post=196"}],"version-history":[{"count":43,"href":"https:\/\/machdirkeinesorgen.at\/index.php?rest_route=\/wp\/v2\/pages\/196\/revisions"}],"predecessor-version":[{"id":1334,"href":"https:\/\/machdirkeinesorgen.at\/index.php?rest_route=\/wp\/v2\/pages\/196\/revisions\/1334"}],"wp:attachment":[{"href":"https:\/\/machdirkeinesorgen.at\/index.php?rest_route=%2Fwp%2Fv2%2Fmedia&parent=196"}],"curies":[{"name":"wp","href":"https:\/\/api.w.org\/{rel}","templated":true}]}}