{"id":387,"date":"2017-12-27T16:49:39","date_gmt":"2017-12-27T16:49:39","guid":{"rendered":"http:\/\/machdirkeinesorgen.at\/?page_id=387"},"modified":"2021-10-16T17:44:39","modified_gmt":"2021-10-16T17:44:39","slug":"links","status":"publish","type":"page","link":"https:\/\/machdirkeinesorgen.at\/?page_id=387","title":{"rendered":"Links"},"content":{"rendered":"<h1 class=\"widget-title\"><span style=\"color: #ff0000;\"><img loading=\"lazy\" decoding=\"async\" class=\"alignleft size-full wp-image-1248\" src=\"https:\/\/machdirkeinesorgen.at\/wp-content\/uploads\/2021\/10\/Unknown.jpg\" alt=\"\" width=\"294\" height=\"104\" \/><img loading=\"lazy\" decoding=\"async\" class=\"alignleft size-medium wp-image-392\" src=\"https:\/\/machdirkeinesorgen.at\/wp-content\/uploads\/2017\/12\/hgklogosmall-1.png\" alt=\"\" width=\"270\" height=\"90\" \/><br \/>\n<\/span><\/h1>\n<h1 class=\"widget-title\"><span style=\"color: #ff0000;\">Kooperationspartner\/innen<\/span><\/h1>\n<ul class=\"xoxo blogroll\">\n<li><a title=\"\u2013 Hotel, Seminare, Veranstaltungen\" href=\"http:\/\/www.hotel-gratkorn.at\/\" target=\"_blank\" rel=\"noopener noreferrer\">Hotel Gratkorn<\/a> \u2013 Hotel, Seminare, Veranstaltungen<\/li>\n<li><a title=\"\u2013 Beratung, Coaching, Hypnose\" href=\"https:\/\/www.manuela-hoseinimoghaddam.com\/\" target=\"_blank\" rel=\"noopener noreferrer\">Manuela Hoseinimoghaddam, BA<\/a> \u2013 Beratung, Coaching, Hypnose<\/li>\n<li><a title=\"\u2013 Empfehlungsmarketing, Outdoortraining \u2013 (Ober\u00f6sterreich)\" href=\"https:\/\/www.haselsteiner-training.at\/\" target=\"_blank\" rel=\"noopener noreferrer\">Stefan Haselsteiner<\/a> \u2013 Empfehlungsmarketing, Outdoortraining \u2013 (Ober\u00f6sterreich)<\/li>\n<li><a href=\"https:\/\/machdirkeinesorgen.at\/?page_id=150\">Ursula R. Stauder<\/a> &#8211; Resonare -Diplom Erwachsenentrainerin Mentaltrainerin<br \/>\nHypnose-und Entspannungstrainerin<\/li>\n<\/ul>\n<p><img loading=\"lazy\" decoding=\"async\" class=\"size-medium wp-image-296 alignright\" src=\"https:\/\/machdirkeinesorgen.at\/wp-content\/uploads\/2017\/12\/hypnocoach-dhv-300x124.png\" alt=\"\" width=\"300\" height=\"124\" \/><img loading=\"lazy\" decoding=\"async\" class=\"size-full wp-image-393 alignleft\" src=\"https:\/\/machdirkeinesorgen.at\/wp-content\/uploads\/2017\/12\/cropped-logo-e1514393967986.jpg\" alt=\"\" width=\"150\" height=\"150\" \/><\/p>\n<h1 class=\"widget-title\"><span style=\"color: #ff0000;\">\u00a0<\/span><span style=\"color: #ff0000;\">Verb\u00e4nde<\/span><\/h1>\n<ul class=\"xoxo blogroll\">\n<li><a href=\"https:\/\/esv-institut.com\/\">ESV-Institut<\/a> &#8211; Sachverst\u00e4ndigen Institut, Ausbildungs- Pr\u00fcf- und Forschungszentrum<\/li>\n<li><a href=\"https:\/\/eec-styria.com\/\">EEC-Styria<\/a>\u00a0 &#8211; European Energy Center Styria<\/li>\n<li><a title=\"\u2013 Deutscher Verband f\u00fcr Hypnose e.V. (DVH)\" href=\"https:\/\/www.hypnose-fachverband.de\/\" target=\"_blank\" rel=\"noopener noreferrer\">DVH<\/a> \u2013 Deutscher Verband f\u00fcr Hypnose e.V. (DVH)<\/li>\n<li><a href=\"https:\/\/ngh.net\/\">NGH<\/a> &#8211; national Guild of Hypnotist\u00b4s <img decoding=\"async\" class=\"alignright\" src=\"https:\/\/hypnotc.com\/wp-content\/uploads\/2015\/03\/logo_ngh.png\" alt=\"Quellbild anzeigen\" data-bm=\"5\" \/><\/li>\n<\/ul>\n","protected":false},"excerpt":{"rendered":"<p>Kooperationspartner\/innen Hotel Gratkorn \u2013 Hotel, Seminare, Veranstaltungen Manuela Hoseinimoghaddam, BA \u2013 Beratung, Coaching, Hypnose Stefan Haselsteiner \u2013 Empfehlungsmarketing, Outdoortraining \u2013 (Ober\u00f6sterreich) Ursula R. Stauder &#8211; Resonare -Diplom Erwachsenentrainerin Mentaltrainerin Hypnose-und Entspannungstrainerin \u00a0Verb\u00e4nde ESV-Institut &#8211; Sachverst\u00e4ndigen Institut, Ausbildungs- Pr\u00fcf- und Forschungszentrum EEC-Styria\u00a0 &#8211; European Energy Center Styria DVH \u2013 Deutscher Verband f\u00fcr Hypnose e.V. (DVH) NGH &hellip; <\/p>\n<p class=\"link-more\"><a href=\"https:\/\/machdirkeinesorgen.at\/?page_id=387\" class=\"more-link\"><span class=\"screen-reader-text\">\u201eLinks\u201c <\/span>weiterlesen<\/a><\/p>\n","protected":false},"author":2,"featured_media":0,"parent":0,"menu_order":0,"comment_status":"closed","ping_status":"closed","template":"","meta":{"footnotes":""},"class_list":["post-387","page","type-page","status-publish","hentry"],"_links":{"self":[{"href":"https:\/\/machdirkeinesorgen.at\/index.php?rest_route=\/wp\/v2\/pages\/387","targetHints":{"allow":["GET"]}}],"collection":[{"href":"https:\/\/machdirkeinesorgen.at\/index.php?rest_route=\/wp\/v2\/pages"}],"about":[{"href":"https:\/\/machdirkeinesorgen.at\/index.php?rest_route=\/wp\/v2\/types\/page"}],"author":[{"embeddable":true,"href":"https:\/\/machdirkeinesorgen.at\/index.php?rest_route=\/wp\/v2\/users\/2"}],"replies":[{"embeddable":true,"href":"https:\/\/machdirkeinesorgen.at\/index.php?rest_route=%2Fwp%2Fv2%2Fcomments&post=387"}],"version-history":[{"count":8,"href":"https:\/\/machdirkeinesorgen.at\/index.php?rest_route=\/wp\/v2\/pages\/387\/revisions"}],"predecessor-version":[{"id":1349,"href":"https:\/\/machdirkeinesorgen.at\/index.php?rest_route=\/wp\/v2\/pages\/387\/revisions\/1349"}],"wp:attachment":[{"href":"https:\/\/machdirkeinesorgen.at\/index.php?rest_route=%2Fwp%2Fv2%2Fmedia&parent=387"}],"curies":[{"name":"wp","href":"https:\/\/api.w.org\/{rel}","templated":true}]}}