{"id":45,"date":"2017-09-26T21:40:46","date_gmt":"2017-09-26T21:40:46","guid":{"rendered":"http:\/\/machdirkeinesorgen.at\/?page_id=45"},"modified":"2020-07-22T16:05:19","modified_gmt":"2020-07-22T16:05:19","slug":"mdks-akademie","status":"publish","type":"page","link":"https:\/\/machdirkeinesorgen.at\/?page_id=45","title":{"rendered":"MDKS Akademie"},"content":{"rendered":"<h1 style=\"text-align: center;\"><strong>Herzlich Willkommen bei der MDKS Akademie !<\/strong><\/h1>\n<h2 style=\"text-align: center;\"><strong>Mach Dir keine Sorgen, ODER ?<\/strong><\/h2>\n<p>Stellen Sie sich vor, jemand hat es sich zur Aufgabe gemacht Sie zu \u00e4rgern. Jeden Tag, immer wieder versucht dieser Jemand, Sie auf die eine oder andere Weise, negativ zu beeinflussen. Sie machen sich t\u00e4glich Gedanken dar\u00fcber, versp\u00fcren ein Dr\u00fccken in der Brust, m\u00f6chten morgens nicht aufstehen und zur Arbeit gehen oder Ihren anderen Dingen nachzugehen. Sie f\u00fchlen sich schlaff und abgespannt dies kann bis hin zu Angstzust\u00e4nden gehen und in weiterer Folge zum Burn Out f\u00fchren. Seien Sie beruhigt, jeder von uns hat so einen negativen Menschen in seinem Umfeld. Die einen gehen damit besser um, die anderen werden langsam aber sicher krank, und die negative Ausstrahlung dieser Person wirkt sich auf\u00a0deren eigenes Umfeld negativ aus.<\/p>\n<p>Wir haben\u00a0einige L\u00f6sungsans\u00e4tze &#8211; Wir helfen Ihnen im Umgang mit solchen Personen &#8211; Wir l\u00f6sen Ihre \u00c4ngste, Blockaden und sch\u00fctzen Sie vor einem Burn Out.<\/p>\n<p>Lassen Sie sich drauf ein und n\u00fctzen Sie die Gelegenheit mit uns daran zu arbeiten\u00a0\u00a0wieder durchschlafen zu k\u00f6nnen, erfolgreich Ihr eigenes Umfeld positiv beeinflussen zu k\u00f6nnen, eine gesunde und sch\u00f6ne Ausstrahlung zu erlangen und sich einfach nur wohl zu f\u00fchlen.<\/p>\n<p><em><strong>Franz Sint, Ing.,\u00a0<\/strong>zertifizierter Hypnose &#8211; Coach und Diplom Master Hypnosetrainer, Trainer f\u00fcr Erwachsenenbildung und Lehrbeauftragter, NLP-Master, zert.Fachtrainer nach ISO\/IEC 17024 \u2013 SystemCert Zertifizierungsges.m.b.H, Certified Hypnotherapist NGHID 56104 \u2013 National Guild of Hypnotists \u2013 NGH, USA, zert. Supervisor, LSB i.A.<\/em><\/p>\n<p><img loading=\"lazy\" decoding=\"async\" class=\"size-full wp-image-81 alignleft\" src=\"https:\/\/machdirkeinesorgen.at\/wp-content\/uploads\/2017\/09\/Unbenannt-e1510246203258.png\" alt=\"\" width=\"160\" height=\"210\" \/><\/p>\n<p>Als Unternehmensberater mit langj\u00e4hriger Erfahrung und ohne jemals ein Insolvenzverfahren durchlaufen zu haben, erf\u00fcllen wir die Voraussetzungen f\u00fcr eine nachhaltige Zusammenarbeit mit unseren Kunden.\u00a0<\/p>\n<p>Ob es sich dabei um Kommunikationsthemen handelt oder um Konfliktl\u00f6sungen oder um Rhetorik oder K\u00f6rpersprache, spielt keine Rolle. Es sind sowohl Bereiche der Mitarbeiterf\u00fchrung als auch Bereiche des Coachings der Supervision oder der Hypnose in unserem Programm enthalten.<\/p>\n<p><strong>Ingrid Sint<\/strong>, zertifizierter Hypnose &#8211; <em>Coach und Diplom Master Hypnosetrainer, zert. Raindrop Massage Anwenderin, NLP-Praktitioner, NLP-Master,zert. Supervisor, LSB i.A.<\/em><\/p>\n<p><img loading=\"lazy\" decoding=\"async\" class=\"alignleft size-medium wp-image-754\" src=\"https:\/\/machdirkeinesorgen.at\/wp-content\/uploads\/2018\/05\/Inge-foto-232x300.jpg\" alt=\"\" width=\"232\" height=\"300\" srcset=\"https:\/\/machdirkeinesorgen.at\/wp-content\/uploads\/2018\/05\/Inge-foto-232x300.jpg 232w, https:\/\/machdirkeinesorgen.at\/wp-content\/uploads\/2018\/05\/Inge-foto-768x993.jpg 768w, https:\/\/machdirkeinesorgen.at\/wp-content\/uploads\/2018\/05\/Inge-foto-792x1024.jpg 792w, https:\/\/machdirkeinesorgen.at\/wp-content\/uploads\/2018\/05\/Inge-foto.jpg 1252w\" sizes=\"auto, (max-width: 232px) 100vw, 232px\" \/><\/p>\n<p>Einen Schwerpunkt unserer Angebote bilden die professionellen Ausbildungen im Bereich der Hypnose, Entspannung und Coaching. In diesen Bereichen bieten wir unsere Erfahrungen und unser Know-How f\u00fcr unsere Kunden und Klienten, mit dem Ziel st\u00e4ndiger Verbesserung und Weiterbildung, an. S\u00e4mtliche Angebote k\u00f6nnen auf unsere Kunden spezifisch abgestimmt und angepasst werden um den besten Erfolg f\u00fcr\u00a0Dich garantieren zu k\u00f6nnen.<\/p>\n<p><strong>Hier findest Du einen Auszug\u00a0von Themen mit\u00a0welchen wir st\u00e4ndig mit unseren Klienten\u00a0arbeiten !<\/strong><\/p>\n<p>Pers\u00f6nlichkeitsbildung, systemisches Hypnose Coaching ,<\/p>\n<p>Raindrop -Massagen mit Coaching und Tiefenentspannung,<\/p>\n<p>Tiefenentspannung , Blockaden &#8211; L\u00f6sung,<\/p>\n<p>Stressmanagement und Burnout &#8211; Pr\u00e4vention<\/p>\n<p>Schmerzabschaltung , Schmerzmanagement, Selbstheilung,<\/p>\n<p>Abnehmen , Raucherentw\u00f6hnung, u.v.m.<\/p>\n<p>Unsere Akademie bietet Dir eine Plattform zur Erweiterung Deiner pers\u00f6nlichen Kenntnisse im Umgang mit unvorhersehbaren Ereignissen. Wir bieten Wege zu L\u00f6sungen spezifischer Probleme. Unsere Angebote sind nicht nur in \u00d6sterreich sondern ebenfalls in Europa sowie in den USA anerkannt.\u00a0<\/p>\n<p>Ein Spitzenteam von erfahrenen Trainern arbeitet mit\u00a0den Teilnehmern und bietet\u00a0diesen\u00a0nachhaltige Trainings sowie die M\u00f6glichkeit der st\u00e4ndigen Wiederholung\u00a0und des Erfahrungsaustausches an.<\/p>\n<h1 style=\"text-align: center;\"><em><span style=\"color: #ff0000;\"><strong>Unser Ziel ist Dein Erfolg !<\/strong><\/span><\/em><\/h1>\n<p><em><strong>Unsere\u00a0pers\u00f6nlichen Qualifikationen:<\/strong><\/em><\/p>\n<p><strong>Ingrid Sint<\/strong><\/p>\n<p>Dipl. Hypnosetrainer, Dipl. Entspannungs- und Mentaltrainer, Zert. Hypnose-Coach, Zert. Systemischer Coach, Transformative Trance, Zert. Raindrop Spezialist, anerkannter Hypnosecoach DVH und des internationalen amerikanischen Verbandes NGH<\/p>\n<p><img loading=\"lazy\" decoding=\"async\" class=\"alignnone size-full wp-image-596\" src=\"https:\/\/machdirkeinesorgen.at\/wp-content\/uploads\/2018\/02\/IMG_9872-e1595433902709.jpg\" alt=\"\" width=\"640\" height=\"480\" srcset=\"https:\/\/machdirkeinesorgen.at\/wp-content\/uploads\/2018\/02\/IMG_9872-e1595433902709.jpg 640w, https:\/\/machdirkeinesorgen.at\/wp-content\/uploads\/2018\/02\/IMG_9872-e1595433902709-300x225.jpg 300w\" sizes=\"auto, (max-width: 640px) 100vw, 640px\" \/><\/p>\n<p><strong>Franz Sint , Ing.<\/strong><\/p>\n<p>Trainer f\u00fcr Erwachsenenbildung und Lehrbeauftragter, Dipl. Kommunikationstrainer, Dipl. Hypnosetrainer, Dipl. Entspannungs- und Mentaltrainer, Zert. Hypnose-Coach, Zert. Systemischer Coach, Transformative Trance, anerkannter Hypnosecoach DVH und des internationalen amerikanischen Verbandes NGH, Certified Hypnotherapist nach NGH.<\/p>\n<p>\u00a0<\/p>\n<p><img loading=\"lazy\" decoding=\"async\" class=\"wp-image-296 alignleft\" src=\"https:\/\/machdirkeinesorgen.at\/wp-content\/uploads\/2017\/12\/hypnocoach-dhv-300x124.png\" alt=\"\" width=\"298\" height=\"123\" \/><\/p>\n<p><img loading=\"lazy\" decoding=\"async\" class=\"size-medium wp-image-591 alignright\" src=\"https:\/\/machdirkeinesorgen.at\/wp-content\/uploads\/2018\/02\/NGH-LOGO-250x300.jpg\" alt=\"\" width=\"250\" height=\"300\" srcset=\"https:\/\/machdirkeinesorgen.at\/wp-content\/uploads\/2018\/02\/NGH-LOGO-250x300.jpg 250w, https:\/\/machdirkeinesorgen.at\/wp-content\/uploads\/2018\/02\/NGH-LOGO.jpg 522w\" sizes=\"auto, (max-width: 250px) 100vw, 250px\" \/><\/p>\n\n\n<p><\/p>\n","protected":false},"excerpt":{"rendered":"<p>Herzlich Willkommen bei der MDKS Akademie ! Mach Dir keine Sorgen, ODER ? Stellen Sie sich vor, jemand hat es sich zur Aufgabe gemacht Sie zu \u00e4rgern. Jeden Tag, immer wieder versucht dieser Jemand, Sie auf die eine oder andere Weise, negativ zu beeinflussen. Sie machen sich t\u00e4glich Gedanken dar\u00fcber, versp\u00fcren ein Dr\u00fccken in der &hellip; <\/p>\n<p class=\"link-more\"><a href=\"https:\/\/machdirkeinesorgen.at\/?page_id=45\" class=\"more-link\"><span class=\"screen-reader-text\">\u201eMDKS Akademie\u201c <\/span>weiterlesen<\/a><\/p>\n","protected":false},"author":1,"featured_media":0,"parent":0,"menu_order":0,"comment_status":"closed","ping_status":"closed","template":"","meta":{"footnotes":""},"class_list":["post-45","page","type-page","status-publish","hentry"],"_links":{"self":[{"href":"https:\/\/machdirkeinesorgen.at\/index.php?rest_route=\/wp\/v2\/pages\/45","targetHints":{"allow":["GET"]}}],"collection":[{"href":"https:\/\/machdirkeinesorgen.at\/index.php?rest_route=\/wp\/v2\/pages"}],"about":[{"href":"https:\/\/machdirkeinesorgen.at\/index.php?rest_route=\/wp\/v2\/types\/page"}],"author":[{"embeddable":true,"href":"https:\/\/machdirkeinesorgen.at\/index.php?rest_route=\/wp\/v2\/users\/1"}],"replies":[{"embeddable":true,"href":"https:\/\/machdirkeinesorgen.at\/index.php?rest_route=%2Fwp%2Fv2%2Fcomments&post=45"}],"version-history":[{"count":74,"href":"https:\/\/machdirkeinesorgen.at\/index.php?rest_route=\/wp\/v2\/pages\/45\/revisions"}],"predecessor-version":[{"id":1124,"href":"https:\/\/machdirkeinesorgen.at\/index.php?rest_route=\/wp\/v2\/pages\/45\/revisions\/1124"}],"wp:attachment":[{"href":"https:\/\/machdirkeinesorgen.at\/index.php?rest_route=%2Fwp%2Fv2%2Fmedia&parent=45"}],"curies":[{"name":"wp","href":"https:\/\/api.w.org\/{rel}","templated":true}]}}