{"id":51,"date":"2017-09-26T21:42:24","date_gmt":"2017-09-26T21:42:24","guid":{"rendered":"http:\/\/machdirkeinesorgen.at\/?page_id=51"},"modified":"2024-04-01T08:48:06","modified_gmt":"2024-04-01T08:48:06","slug":"kursbeschreibung","status":"publish","type":"page","link":"https:\/\/machdirkeinesorgen.at\/?page_id=51","title":{"rendered":"Kursbeschreibung"},"content":{"rendered":"\n<p><strong><br>Kursprogramm&nbsp; 2021\/2022<\/strong><\/p>\n\n\n<h1><span style=\"color: #000000;\"><em><strong>Kursprogramm\u00a0 2024\/2025<\/strong><\/em><\/span><\/h1>\n<p><strong>Ing. zert. TEB. Franz Sint,\u00a0 TEB. Ingrid Sint<\/strong><br \/>Dipl. Lebens- und Sozialberater i.A. , Zert. Sytemischer Coach, NLP- Master, \u00d6DV-NLP, Zert. Supervisor, Zert. Erwachsenenbildner, zert. Aufstellungsleiter nach Jacobsen, Supervisor, und psychosozialer Krisenmanager<\/p>\n<p>&#8230;&#8230;&#8230;&#8230;&#8230;&#8230;&#8230;&#8230;&#8230;&#8230;&#8230;&#8230;&#8230;&#8230;&#8230;&#8230;&#8230;&#8230;&#8230;&#8230;&#8230;&#8230;&#8230;&#8230;&#8230;&#8230;&#8230;&#8230;&#8230;&#8230;&#8230;&#8230;&#8230;&#8230;&#8230;&#8230;&#8230;&#8230;.<\/p>\n<p><strong>Freie Systemische Aufstellung nach Olaf Jacobsen<\/strong><\/p>\n<p><strong>Wann: nach \u00a0Vereinbarung <\/strong>\u00a018:00 \u2013 21:00 Uhr<\/p>\n<p><strong>Investition<\/strong>: \u20ac 10,- (inkl. 20 % USt.) pro Teilnehmer,\u00a0<\/p>\n<p><strong>Wo<\/strong>:\u00a0<a href=\"http:\/\/www.hotel-gratkorn.at\/\">Hotel Gratkorn bei Graz\u00a0<\/a><\/p>\n<p>zus\u00e4tzlich \u20ac10,\u2013(inkl.20% Ust.) f\u00fcr jene Teilnehmer die ein Thema aufstellen m\u00f6chten\u00a0<\/p>\n<p>In den Kosten sind alle Unterlagen (in Papierform und als PDF), sowie Kaffee und Pausengetr\u00e4nke und kleine Snacks inkludiert.<\/p>\n<div>&#8230;&#8230;&#8230;&#8230;&#8230;&#8230;&#8230;&#8230;&#8230;&#8230;&#8230;&#8230;&#8230;&#8230;&#8230;&#8230;&#8230;&#8230;&#8230;&#8230;&#8230;&#8230;&#8230;&#8230;&#8230;&#8230;&#8230;&#8230;&#8230;&#8230;&#8230;&#8230;&#8230;&#8230;&#8230;&#8230;&#8230;&#8230;&#8230;&#8230;.<\/div>\n<div>\n<h3><strong><em>Diplom &#8211; Trainer der Erwachsenenbildung und Lehrbeauftragter &#8211; Lehrgang\u00a0<\/em><\/strong><\/h3>\n<p>\u201c Sei wie Du bist, dann stellt sich der Erfolg von selbst ein!<\/p>\n<h4><strong>Ausbildung zur\/zum Trainer der Erwachsenenbildung &#8211; Sommerlehrgang \u00a0<\/strong><\/h4>\n<div><b>n\u00e4chster Termin \u00a0&#8211; 05.07.2024 bis 28.07.2024 12 Tage, Freitag bis Sonntag 09:00 Uhr bis 17:00 Uhr\u00a0<\/b><\/div>\n<div>\u00a0<\/div>\n<div><strong>Investition pro Wochenende: <\/strong>\u20ac 600,- (inkl. 20 % USt.)<\/div>\n<div>\u00a0<\/div>\n<p>Inhalt:<\/p>\n<p><strong>Der erste Eindruck z\u00e4hlt, der letzte bleibt: Der gelungene Start in dein Training!<\/strong><strong><br \/><\/strong><\/p>\n<ul>\n<li>Du lernst, dich selbst wirkungsvoll zu pr\u00e4sentieren und die Teilnehmenden von Anfang an f\u00fcr dich und dein Thema zu begeistern<\/li>\n<li>Du schaffst eine positive Lernatmosph\u00e4re durch lebendige Methoden zum gegenseitigen Kennenlernen der Teilnehmenden<\/li>\n<\/ul>\n<p><strong style=\"font-size: 1rem;\">Lernen mit Hirn, Herz und Hand: Nutze die Erkenntnisse der Neurodidaktik!<\/strong><\/p>\n<ul>\n<li>Du testest kreative Methoden, die Menschen emotional erreichen und dein Training zu einem unvergesslichen Erlebnis werden lassen<\/li>\n<li>Durch die Erkenntnisse <strong>aus der Neurowissenschaft<\/strong> sorgst du f\u00fcr steile Lernkurven und einen nachhaltigen Lernerfolg deiner Teilnehmenden<\/li>\n<\/ul>\n<p><strong style=\"font-size: 1rem;\">Ein Bild sagt mehr als tausend Worte: Visualisiere einfach und gehirngerecht!<\/strong><\/p>\n<ul>\n<li>Du denkst, du kannst nicht malen? Wir zeigen dir im Kurs das Gegenteil! In einfachen Schritten lernst du Charts und Folien gehirngerecht zu gestalten<\/li>\n<li>Wir zeigen dir <strong>digitale Tools<\/strong> und jede Menge Tricks, die dir dabei helfen, \u00a0einzigartige Slides zu entwickeln mit garantiertem Wow-Effekt<\/li>\n<\/ul>\n<p><strong>\u00a0Der Bauplan: Entwickle im Kurs eine Trainingssequenz<\/strong><\/p>\n<ul>\n<li>Vom Auftrag zum erfolgreichen Training: Du definierst die Lernziele und richtest deine Lehrveranstaltung mit einer <strong>Checkliste<\/strong> daran aus<\/li>\n<li>Du erlebst innovative Methoden, Gruppenarbeiten und Rollenspiele und baust sie direkt in deine Trainings ein, um au\u00dfergew\u00f6hnliche Lernerlebnisse zu schaffen<\/li>\n<\/ul>\n<p><strong>Die besten Rettungsanker: Was dir wirklich hilft bei Gegenwind aus der Gruppe!<\/strong><\/p>\n<ul>\n<li>Du erkennst gruppendynamische Effekte und nutzt sie zielorientiert<\/li>\n<li>Du lernst hilfreiche Strategien und die besten Antworten auf Verbal-Attacken, um dein Standing als TrainerIn zu st\u00e4rken<\/li>\n<\/ul>\n<div>\n<p>In den Kosten sind alle Unterlagen (in Papierform und als PDF), sowie Kaffee und Pausengetr\u00e4nke und kleine Snacks inkludiert.<\/p>\n<p><strong style=\"color: #333333; font-size: 1rem;\">Wann<\/strong><span style=\"color: #333333; font-size: 1rem;\">: Termine auf Anfrage \u2013 Beginn 2024 \u00a0\u2013 Freitag bis Sonntag Pr\u00e4senz und zus\u00e4tzlich 6 Tage online. \u2013 gesamt 160 LEH<\/span><\/p>\n<\/div>\n<p><img loading=\"lazy\" decoding=\"async\" class=\"wp-image-1392 aligncenter\" src=\"https:\/\/machdirkeinesorgen.at\/wp-content\/uploads\/2021\/11\/training-ge7e6437c0_1280-300x119.jpg\" alt=\"\" width=\"331\" height=\"131\" srcset=\"https:\/\/machdirkeinesorgen.at\/wp-content\/uploads\/2021\/11\/training-ge7e6437c0_1280-300x119.jpg 300w, https:\/\/machdirkeinesorgen.at\/wp-content\/uploads\/2021\/11\/training-ge7e6437c0_1280-1024x405.jpg 1024w, https:\/\/machdirkeinesorgen.at\/wp-content\/uploads\/2021\/11\/training-ge7e6437c0_1280-768x304.jpg 768w, https:\/\/machdirkeinesorgen.at\/wp-content\/uploads\/2021\/11\/training-ge7e6437c0_1280.jpg 1280w\" sizes=\"auto, (max-width: 331px) 100vw, 331px\" \/><\/p>\n<p>Inhalt:\u00a0<\/p>\n<ul>\n<li>professionelle Lehre<\/li>\n<li>Medienanwendung mit neuen und alten Medien<\/li>\n<li>Didaktik und Rhetorik<\/li>\n<li>Achtsamkeit und Toleranz\u00a0<\/li>\n<li>Pr\u00e4sentation pers\u00f6nlich nach innen und au\u00dfen<\/li>\n<li>Unterrichtsgestaltung und Unterrichtsdesign<\/li>\n<li>\u00dcberwindung m\u00f6glicher \u00c4ngste &#8211; &#8222;die freie Rede&#8220;<\/li>\n<li>Abschluss mit Pr\u00e4sentationen und Abschlussfeier<\/li>\n<\/ul>\n<p><strong>Investition<\/strong>:600,\u2013 inkl. 20% Mwst. pro Wochenende<\/p>\n<p>In den Kosten sind alle Unterlagen (in Papierform und als PDF), sowie Kaffee und Pausengetr\u00e4nke und kleine Snacks inkludiert.<\/p>\n<p><strong>Wo<\/strong>:\u00a0<a href=\"http:\/\/www.hotel-gratkorn.at\/\">Hotel Gratkorn bei Graz\u00a0<\/a><\/p>\n<\/div>\n<div>\u00a0<\/div>\n<hr \/>\n<p>Sie erhalten f\u00fcr s\u00e4mtliche von uns veranstalteten Workshops und Seminare eine Teilnahmebest\u00e4tigung, die Sie gegebenenfalls als Weiterbildungsveranstaltung f\u00fcr Ihren Berufszweig anerkennen lassen k\u00f6nnen.\u00a0 \u00a0<\/p>","protected":false},"excerpt":{"rendered":"<p>Kursprogramm&nbsp; 2021\/2022 Kursprogramm\u00a0 2024\/2025 Ing. zert. TEB. Franz Sint,\u00a0 TEB. Ingrid SintDipl. Lebens- und Sozialberater i.A. , Zert. Sytemischer Coach, NLP- Master, \u00d6DV-NLP, Zert. Supervisor, Zert. Erwachsenenbildner, zert. Aufstellungsleiter nach Jacobsen, Supervisor, und psychosozialer Krisenmanager &#8230;&#8230;&#8230;&#8230;&#8230;&#8230;&#8230;&#8230;&#8230;&#8230;&#8230;&#8230;&#8230;&#8230;&#8230;&#8230;&#8230;&#8230;&#8230;&#8230;&#8230;&#8230;&#8230;&#8230;&#8230;&#8230;&#8230;&#8230;&#8230;&#8230;&#8230;&#8230;&#8230;&#8230;&#8230;&#8230;&#8230;&#8230;. Freie Systemische Aufstellung nach Olaf Jacobsen Wann: nach \u00a0Vereinbarung \u00a018:00 \u2013 21:00 Uhr Investition: \u20ac 10,- (inkl. 20 % &hellip; <\/p>\n<p class=\"link-more\"><a href=\"https:\/\/machdirkeinesorgen.at\/?page_id=51\" class=\"more-link\"><span class=\"screen-reader-text\">\u201eKursbeschreibung\u201c <\/span>weiterlesen<\/a><\/p>\n","protected":false},"author":1,"featured_media":0,"parent":0,"menu_order":0,"comment_status":"closed","ping_status":"closed","template":"","meta":{"footnotes":""},"class_list":["post-51","page","type-page","status-publish","hentry"],"_links":{"self":[{"href":"https:\/\/machdirkeinesorgen.at\/index.php?rest_route=\/wp\/v2\/pages\/51","targetHints":{"allow":["GET"]}}],"collection":[{"href":"https:\/\/machdirkeinesorgen.at\/index.php?rest_route=\/wp\/v2\/pages"}],"about":[{"href":"https:\/\/machdirkeinesorgen.at\/index.php?rest_route=\/wp\/v2\/types\/page"}],"author":[{"embeddable":true,"href":"https:\/\/machdirkeinesorgen.at\/index.php?rest_route=\/wp\/v2\/users\/1"}],"replies":[{"embeddable":true,"href":"https:\/\/machdirkeinesorgen.at\/index.php?rest_route=%2Fwp%2Fv2%2Fcomments&post=51"}],"version-history":[{"count":76,"href":"https:\/\/machdirkeinesorgen.at\/index.php?rest_route=\/wp\/v2\/pages\/51\/revisions"}],"predecessor-version":[{"id":1452,"href":"https:\/\/machdirkeinesorgen.at\/index.php?rest_route=\/wp\/v2\/pages\/51\/revisions\/1452"}],"wp:attachment":[{"href":"https:\/\/machdirkeinesorgen.at\/index.php?rest_route=%2Fwp%2Fv2%2Fmedia&parent=51"}],"curies":[{"name":"wp","href":"https:\/\/api.w.org\/{rel}","templated":true}]}}