{"id":539,"date":"2018-02-27T14:25:00","date_gmt":"2018-02-27T14:25:00","guid":{"rendered":"http:\/\/machdirkeinesorgen.at\/?page_id=539"},"modified":"2022-07-05T15:44:14","modified_gmt":"2022-07-05T15:44:14","slug":"informationen-blog","status":"publish","type":"page","link":"https:\/\/machdirkeinesorgen.at\/?page_id=539","title":{"rendered":"Informationen\/BLOG"},"content":{"rendered":"\n<p class=\"has-text-align-center has-medium-font-size\"><strong>Woche der Ver\u00e4nderung 2022<\/strong><\/p>\n\n\n<div class=\"wp-block-image\">\n<figure class=\"aligncenter\"><img decoding=\"async\" src=\"https:\/\/machdirkeinesorgen.at\/wp-content\/uploads\/2021\/10\/Logo-Sinim-2.gif\" alt=\"\"\/><\/figure>\n<\/div>\n\n\n<p>Die<strong> &#8222;Woche der Ver\u00e4nderung  2022&#8220;<\/strong>  unter dem Motto &#8222;Blick \u00fcber den Tellerrand&#8220; sind unsere Vortragenden f\u00fcr Sie da.  Anfragen unter : <a href=\"mailto:machdirkeinesorgen@gmx.at\">machdirkeinesorgen@gmx.at<\/a><\/p>\n\n\n\n<figure class=\"wp-block-image size-full\"><img loading=\"lazy\" decoding=\"async\" width=\"841\" height=\"529\" src=\"https:\/\/machdirkeinesorgen.at\/wp-content\/uploads\/2022\/07\/Georg-Merkscha.png\" alt=\"\" class=\"wp-image-1427\" srcset=\"https:\/\/machdirkeinesorgen.at\/wp-content\/uploads\/2022\/07\/Georg-Merkscha.png 841w, https:\/\/machdirkeinesorgen.at\/wp-content\/uploads\/2022\/07\/Georg-Merkscha-300x189.png 300w, https:\/\/machdirkeinesorgen.at\/wp-content\/uploads\/2022\/07\/Georg-Merkscha-768x483.png 768w\" sizes=\"auto, (max-width: 767px) 89vw, (max-width: 1000px) 54vw, (max-width: 1071px) 543px, 580px\" \/><figcaption><strong>Am Mittwoch den 13.07.2022 ab 14 Uhr<\/strong><\/figcaption><\/figure>\n\n\n\n<figure class=\"wp-block-image size-full\"><img loading=\"lazy\" decoding=\"async\" width=\"294\" height=\"104\" src=\"https:\/\/machdirkeinesorgen.at\/wp-content\/uploads\/2021\/10\/Unknown.jpg\" alt=\"\" class=\"wp-image-1248\"\/><figcaption><strong>Am Sonntag den 17.07.2022 ab 10 Uhr<\/strong> <strong>stellen wir auf &#8211; nein Ihr stellt auf!<\/strong><\/figcaption><\/figure>\n\n\n\n<figure class=\"wp-block-image size-large is-resized\"><img loading=\"lazy\" decoding=\"async\" src=\"https:\/\/machdirkeinesorgen.at\/wp-content\/uploads\/2022\/07\/Schmuckhoehle-1024x661.jpg\" alt=\"\" class=\"wp-image-1428\" width=\"674\" height=\"435\" srcset=\"https:\/\/machdirkeinesorgen.at\/wp-content\/uploads\/2022\/07\/Schmuckhoehle-1024x661.jpg 1024w, https:\/\/machdirkeinesorgen.at\/wp-content\/uploads\/2022\/07\/Schmuckhoehle-300x194.jpg 300w, https:\/\/machdirkeinesorgen.at\/wp-content\/uploads\/2022\/07\/Schmuckhoehle-768x496.jpg 768w, https:\/\/machdirkeinesorgen.at\/wp-content\/uploads\/2022\/07\/Schmuckhoehle-1536x991.jpg 1536w, https:\/\/machdirkeinesorgen.at\/wp-content\/uploads\/2022\/07\/Schmuckhoehle-2048x1321.jpg 2048w\" sizes=\"auto, (max-width: 674px) 100vw, 674px\" \/><\/figure>\n\n\n\n<p>Die ganze Woche von 13 &#8211; 17.07.2022 k\u00f6nnt Ihr die Energie der Steine bewundern Vortrag und spezielle Betreuung findet am 15.07.2022 ab 10 Uhr statt. Die Edle Steinoase hat f\u00fcr jeden etwas.&nbsp;<\/p>\n\n\n\n<figure class=\"wp-block-image size-large\"><img loading=\"lazy\" decoding=\"async\" width=\"1024\" height=\"708\" src=\"https:\/\/machdirkeinesorgen.at\/wp-content\/uploads\/2022\/07\/Logo-Edle-Steinoase-1024x708.png\" alt=\"\" class=\"wp-image-1429\" srcset=\"https:\/\/machdirkeinesorgen.at\/wp-content\/uploads\/2022\/07\/Logo-Edle-Steinoase-1024x708.png 1024w, https:\/\/machdirkeinesorgen.at\/wp-content\/uploads\/2022\/07\/Logo-Edle-Steinoase-300x207.png 300w, https:\/\/machdirkeinesorgen.at\/wp-content\/uploads\/2022\/07\/Logo-Edle-Steinoase-768x531.png 768w, https:\/\/machdirkeinesorgen.at\/wp-content\/uploads\/2022\/07\/Logo-Edle-Steinoase.png 1204w\" sizes=\"auto, (max-width: 767px) 89vw, (max-width: 1000px) 54vw, (max-width: 1071px) 543px, 580px\" \/><\/figure>\n\n\n\n<p class=\"has-text-align-center\"><\/p>\n\n\n<div class=\"wp-block-image\">\n<figure class=\"aligncenter size-full\"><img loading=\"lazy\" decoding=\"async\" width=\"423\" height=\"563\" src=\"https:\/\/machdirkeinesorgen.at\/wp-content\/uploads\/2022\/07\/Chris-Boyer.png\" alt=\"\" class=\"wp-image-1430\" srcset=\"https:\/\/machdirkeinesorgen.at\/wp-content\/uploads\/2022\/07\/Chris-Boyer.png 423w, https:\/\/machdirkeinesorgen.at\/wp-content\/uploads\/2022\/07\/Chris-Boyer-225x300.png 225w\" sizes=\"auto, (max-width: 423px) 100vw, 423px\" \/><\/figure>\n<\/div>\n\n\n<p>Am Donnerstag den 14.07.2022 ab 14 Uhr  ist f\u00fcr Euch <strong> Chris Boyer<\/strong> bei uns!<\/p>\n\n\n\n<p><strong>Energiearbeit<\/strong> &#8211; \u00dcber Aura Readings, emotionale Befreiung und Kommunikation mit der geistigen Welt unterst\u00fctze ich die Menschen, die etwas weiterbringen, ver\u00e4ndern oder einfach nur loslassen wollen, mit ganzem Herzen.<\/p>\n\n\n\n<figure class=\"wp-block-image size-full\"><img loading=\"lazy\" decoding=\"async\" width=\"341\" height=\"198\" src=\"https:\/\/machdirkeinesorgen.at\/wp-content\/uploads\/2022\/07\/Mauela-logo-neu2022.jpg\" alt=\"\" class=\"wp-image-1431\" srcset=\"https:\/\/machdirkeinesorgen.at\/wp-content\/uploads\/2022\/07\/Mauela-logo-neu2022.jpg 341w, https:\/\/machdirkeinesorgen.at\/wp-content\/uploads\/2022\/07\/Mauela-logo-neu2022-300x174.jpg 300w\" sizes=\"auto, (max-width: 341px) 100vw, 341px\" \/><\/figure>\n\n\n\n<p><strong>Manuela und Ingrid gestalten f\u00fcr Euch den Samstag den 16.07.2022 ab 10 Uhr <\/strong><\/p>\n\n\n\n<p>Einf\u00fchrung in die Welt der Klangschalen sowie RAINDROP Streichungen f\u00fcr Kinder und Erwachsene zur Entspannung und Blockadenl\u00f6sung.<\/p>\n","protected":false},"excerpt":{"rendered":"<p>Woche der Ver\u00e4nderung 2022 Die &#8222;Woche der Ver\u00e4nderung 2022&#8220; unter dem Motto &#8222;Blick \u00fcber den Tellerrand&#8220; sind unsere Vortragenden f\u00fcr Sie da. Anfragen unter : machdirkeinesorgen@gmx.at Die ganze Woche von 13 &#8211; 17.07.2022 k\u00f6nnt Ihr die Energie der Steine bewundern Vortrag und spezielle Betreuung findet am 15.07.2022 ab 10 Uhr statt. Die Edle Steinoase hat &hellip; <\/p>\n<p class=\"link-more\"><a href=\"https:\/\/machdirkeinesorgen.at\/?page_id=539\" class=\"more-link\"><span class=\"screen-reader-text\">\u201eInformationen\/BLOG\u201c <\/span>weiterlesen<\/a><\/p>\n","protected":false},"author":2,"featured_media":1247,"parent":0,"menu_order":0,"comment_status":"closed","ping_status":"closed","template":"","meta":{"footnotes":""},"class_list":["post-539","page","type-page","status-publish","has-post-thumbnail","hentry"],"_links":{"self":[{"href":"https:\/\/machdirkeinesorgen.at\/index.php?rest_route=\/wp\/v2\/pages\/539","targetHints":{"allow":["GET"]}}],"collection":[{"href":"https:\/\/machdirkeinesorgen.at\/index.php?rest_route=\/wp\/v2\/pages"}],"about":[{"href":"https:\/\/machdirkeinesorgen.at\/index.php?rest_route=\/wp\/v2\/types\/page"}],"author":[{"embeddable":true,"href":"https:\/\/machdirkeinesorgen.at\/index.php?rest_route=\/wp\/v2\/users\/2"}],"replies":[{"embeddable":true,"href":"https:\/\/machdirkeinesorgen.at\/index.php?rest_route=%2Fwp%2Fv2%2Fcomments&post=539"}],"version-history":[{"count":62,"href":"https:\/\/machdirkeinesorgen.at\/index.php?rest_route=\/wp\/v2\/pages\/539\/revisions"}],"predecessor-version":[{"id":1435,"href":"https:\/\/machdirkeinesorgen.at\/index.php?rest_route=\/wp\/v2\/pages\/539\/revisions\/1435"}],"wp:featuredmedia":[{"embeddable":true,"href":"https:\/\/machdirkeinesorgen.at\/index.php?rest_route=\/wp\/v2\/media\/1247"}],"wp:attachment":[{"href":"https:\/\/machdirkeinesorgen.at\/index.php?rest_route=%2Fwp%2Fv2%2Fmedia&parent=539"}],"curies":[{"name":"wp","href":"https:\/\/api.w.org\/{rel}","templated":true}]}}