{"id":66,"date":"2017-11-09T14:02:17","date_gmt":"2017-11-09T14:02:17","guid":{"rendered":"http:\/\/machdirkeinesorgen.at\/?page_id=66"},"modified":"2022-08-07T13:24:11","modified_gmt":"2022-08-07T13:24:11","slug":"kalkes-akademie","status":"publish","type":"page","link":"https:\/\/machdirkeinesorgen.at\/?page_id=66","title":{"rendered":"Neue Blickwinkel finden 2022"},"content":{"rendered":"<div>\n<h1><img loading=\"lazy\" decoding=\"async\" class=\"size-full wp-image-1305 aligncenter\" src=\"https:\/\/machdirkeinesorgen.at\/wp-content\/uploads\/2021\/10\/Logo-Sinim-2.gif\" alt=\"\" width=\"335\" height=\"301\" \/><\/h1>\n<\/div>\n<h2 style=\"text-align: center;\">Thema 2022<\/h2>\n<h1 style=\"text-align: center;\"><strong>&#8222;Wie mache ich weiter!&#8220;\u00a0<\/strong><\/h1>\n<div>Workshop f\u00fcr all jene, die sich \u00fcber neue Ziele Gedanken machen, eine Umsetzung suchen und sich weiterentwickeln m\u00f6chten. Auch all jene die eine Ver\u00e4nderung anstreben und noch nicht wissen wie sie an die Sache rangehen sollen. Dieser Workshop ist eine Kombination aus Eigenarbeit gepaart mit Beratung und Strategieentwicklung.<\/div>\n<div><\/div>\n<div><strong>Wer:<\/strong> Organisatoren,\u00a0 Ingrid Sint, Ing. Franz Sint<\/div>\n<div><\/div>\n<div><strong>Wann:<\/strong> Oktober 2022 \u00a0&#8211;\u00a0 12 &#8211; 14 Oktober von 9 &#8211; 17 Uhr<\/div>\n<div><\/div>\n<div><strong>Wo:<\/strong> Hotel Gratkorn, Brucker-Strasse 2-4, 8101 Gratkorn<\/div>\n<div><\/div>\n<div><strong>Investition:<\/strong>\u00a0 360,&#8211; Euro inkl. Getr\u00e4nke und Snacks<\/div>\n<div><\/div>\n<div><\/div>\n<div>\n<p style=\"text-align: left;\"><!-- .entry-header --><\/p>\n<div class=\"entry-content\" style=\"text-align: left;\"><img loading=\"lazy\" decoding=\"async\" class=\"alignleft\" src=\"https:\/\/machdirkeinesorgen.at\/wp-content\/uploads\/2021\/10\/6617.jpg\" width=\"333\" height=\"333\" \/><\/div>\n<\/div>\n<div><\/div>\n<div><\/div>\n<div><\/div>\n","protected":false},"excerpt":{"rendered":"<p>Thema 2022 &#8222;Wie mache ich weiter!&#8220;\u00a0 Workshop f\u00fcr all jene, die sich \u00fcber neue Ziele Gedanken machen, eine Umsetzung suchen und sich weiterentwickeln m\u00f6chten. Auch all jene die eine Ver\u00e4nderung anstreben und noch nicht wissen wie sie an die Sache rangehen sollen. Dieser Workshop ist eine Kombination aus Eigenarbeit gepaart mit Beratung und Strategieentwicklung. Wer: &hellip; <\/p>\n<p class=\"link-more\"><a href=\"https:\/\/machdirkeinesorgen.at\/?page_id=66\" class=\"more-link\"><span class=\"screen-reader-text\">\u201eNeue Blickwinkel finden 2022\u201c <\/span>weiterlesen<\/a><\/p>\n","protected":false},"author":1,"featured_media":1247,"parent":0,"menu_order":0,"comment_status":"closed","ping_status":"closed","template":"","meta":{"footnotes":""},"class_list":["post-66","page","type-page","status-publish","has-post-thumbnail","hentry"],"_links":{"self":[{"href":"https:\/\/machdirkeinesorgen.at\/index.php?rest_route=\/wp\/v2\/pages\/66","targetHints":{"allow":["GET"]}}],"collection":[{"href":"https:\/\/machdirkeinesorgen.at\/index.php?rest_route=\/wp\/v2\/pages"}],"about":[{"href":"https:\/\/machdirkeinesorgen.at\/index.php?rest_route=\/wp\/v2\/types\/page"}],"author":[{"embeddable":true,"href":"https:\/\/machdirkeinesorgen.at\/index.php?rest_route=\/wp\/v2\/users\/1"}],"replies":[{"embeddable":true,"href":"https:\/\/machdirkeinesorgen.at\/index.php?rest_route=%2Fwp%2Fv2%2Fcomments&post=66"}],"version-history":[{"count":71,"href":"https:\/\/machdirkeinesorgen.at\/index.php?rest_route=\/wp\/v2\/pages\/66\/revisions"}],"predecessor-version":[{"id":1443,"href":"https:\/\/machdirkeinesorgen.at\/index.php?rest_route=\/wp\/v2\/pages\/66\/revisions\/1443"}],"wp:featuredmedia":[{"embeddable":true,"href":"https:\/\/machdirkeinesorgen.at\/index.php?rest_route=\/wp\/v2\/media\/1247"}],"wp:attachment":[{"href":"https:\/\/machdirkeinesorgen.at\/index.php?rest_route=%2Fwp%2Fv2%2Fmedia&parent=66"}],"curies":[{"name":"wp","href":"https:\/\/api.w.org\/{rel}","templated":true}]}}